{"id":57214,"date":"2026-02-24T14:02:31","date_gmt":"2026-02-24T13:02:31","guid":{"rendered":"https:\/\/imprimeideas.es\/producto\/chaleco-de-senora\/"},"modified":"2026-02-24T14:03:17","modified_gmt":"2026-02-24T13:03:17","slug":"chaleco-de-senora","status":"publish","type":"product","link":"https:\/\/imprimeideas.es\/en\/product\/chaleco-de-senora\/","title":{"rendered":"CHALECO DE SE\u00d1ORA"},"content":{"rendered":"<p>Chaleco entallado para se\u00f1ora de corte cl\u00e1sico. Escote a pico y cierre central de botonadura sencilla con cinco botones al tono. Dos bolsos laterales de ojal. Costadillos y trabillas decorativas con bot\u00f3n en la cintura. Forrado. Su composici\u00f3n en poli\u00e9ster 100% asegura la estabilidad dimensional a la prenda.<\/p>","protected":false},"excerpt":{"rendered":"<p>B9030 &#8211; CHALECO DE SE\u00d1ORA<\/p>","protected":false},"featured_media":57217,"comment_status":"closed","ping_status":"open","template":"","meta":{"inline_featured_image":false},"product_brand":[],"product_cat":[2195],"product_tag":[],"class_list":{"0":"post-57214","1":"product","2":"type-product","3":"status-publish","4":"has-post-thumbnail","6":"product_cat-hosteleriasalachaleco-salamujerchaleco-mujer","7":"pa_color-negro","9":"first","10":"instock","11":"purchasable","12":"product-type-variable"},"aioseo_notices":[],"_links":{"self":[{"href":"https:\/\/imprimeideas.es\/en\/wp-json\/wp\/v2\/product\/57214","targetHints":{"allow":["GET"]}}],"collection":[{"href":"https:\/\/imprimeideas.es\/en\/wp-json\/wp\/v2\/product"}],"about":[{"href":"https:\/\/imprimeideas.es\/en\/wp-json\/wp\/v2\/types\/product"}],"replies":[{"embeddable":true,"href":"https:\/\/imprimeideas.es\/en\/wp-json\/wp\/v2\/comments?post=57214"}],"version-history":[{"count":1,"href":"https:\/\/imprimeideas.es\/en\/wp-json\/wp\/v2\/product\/57214\/revisions"}],"predecessor-version":[{"id":57215,"href":"https:\/\/imprimeideas.es\/en\/wp-json\/wp\/v2\/product\/57214\/revisions\/57215"}],"wp:featuredmedia":[{"embeddable":true,"href":"https:\/\/imprimeideas.es\/en\/wp-json\/wp\/v2\/media\/57217"}],"wp:attachment":[{"href":"https:\/\/imprimeideas.es\/en\/wp-json\/wp\/v2\/media?parent=57214"}],"wp:term":[{"taxonomy":"product_brand","embeddable":true,"href":"https:\/\/imprimeideas.es\/en\/wp-json\/wp\/v2\/product_brand?post=57214"},{"taxonomy":"product_cat","embeddable":true,"href":"https:\/\/imprimeideas.es\/en\/wp-json\/wp\/v2\/product_cat?post=57214"},{"taxonomy":"product_tag","embeddable":true,"href":"https:\/\/imprimeideas.es\/en\/wp-json\/wp\/v2\/product_tag?post=57214"}],"curies":[{"name":"wp","href":"https:\/\/api.w.org\/{rel}","templated":true}]}}