{"id":57186,"date":"2026-02-24T14:02:09","date_gmt":"2026-02-24T13:02:09","guid":{"rendered":"https:\/\/imprimeideas.es\/producto\/pantalon-con-pinzas-de-mujer\/"},"modified":"2026-02-24T14:02:52","modified_gmt":"2026-02-24T13:02:52","slug":"pantalon-con-pinzas-de-mujer","status":"publish","type":"product","link":"https:\/\/imprimeideas.es\/en\/product\/pantalon-con-pinzas-de-mujer\/","title":{"rendered":"PANTALON CON PINZAS DE MUJER"},"content":{"rendered":"<p>Pantal\u00f3n recto de vestir para se\u00f1ora. Bolsillo relojero. Pinzas en la espalda. Cierre de bot\u00f3n y bragueta de cremallera. Su composici\u00f3n en poli\u00e9ster 100% asegura la estabilidad dimensional a la prenda.<\/p>","protected":false},"excerpt":{"rendered":"<p>B9016 &#8211; PANTALON CON PINZAS DE MUJER<\/p>","protected":false},"featured_media":25899,"comment_status":"closed","ping_status":"open","template":"","meta":{"inline_featured_image":false},"product_brand":[],"product_cat":[2193],"product_tag":[],"class_list":{"0":"post-57186","1":"product","2":"type-product","3":"status-publish","4":"has-post-thumbnail","6":"product_cat-hosteleriasalapantalon-salamujerpantalon-mujer","7":"pa_color-marino","8":"pa_color-negro","10":"first","11":"instock","12":"purchasable","13":"product-type-variable"},"aioseo_notices":[],"_links":{"self":[{"href":"https:\/\/imprimeideas.es\/en\/wp-json\/wp\/v2\/product\/57186","targetHints":{"allow":["GET"]}}],"collection":[{"href":"https:\/\/imprimeideas.es\/en\/wp-json\/wp\/v2\/product"}],"about":[{"href":"https:\/\/imprimeideas.es\/en\/wp-json\/wp\/v2\/types\/product"}],"replies":[{"embeddable":true,"href":"https:\/\/imprimeideas.es\/en\/wp-json\/wp\/v2\/comments?post=57186"}],"version-history":[{"count":1,"href":"https:\/\/imprimeideas.es\/en\/wp-json\/wp\/v2\/product\/57186\/revisions"}],"predecessor-version":[{"id":57187,"href":"https:\/\/imprimeideas.es\/en\/wp-json\/wp\/v2\/product\/57186\/revisions\/57187"}],"wp:featuredmedia":[{"embeddable":true,"href":"https:\/\/imprimeideas.es\/en\/wp-json\/wp\/v2\/media\/25899"}],"wp:attachment":[{"href":"https:\/\/imprimeideas.es\/en\/wp-json\/wp\/v2\/media?parent=57186"}],"wp:term":[{"taxonomy":"product_brand","embeddable":true,"href":"https:\/\/imprimeideas.es\/en\/wp-json\/wp\/v2\/product_brand?post=57186"},{"taxonomy":"product_cat","embeddable":true,"href":"https:\/\/imprimeideas.es\/en\/wp-json\/wp\/v2\/product_cat?post=57186"},{"taxonomy":"product_tag","embeddable":true,"href":"https:\/\/imprimeideas.es\/en\/wp-json\/wp\/v2\/product_tag?post=57186"}],"curies":[{"name":"wp","href":"https:\/\/api.w.org\/{rel}","templated":true}]}}