{"id":57135,"date":"2026-02-24T14:01:29","date_gmt":"2026-02-24T13:01:29","guid":{"rendered":"https:\/\/imprimeideas.es\/producto\/pantalon-con-pinzas-de-hombre-2\/"},"modified":"2026-02-24T14:02:27","modified_gmt":"2026-02-24T13:02:27","slug":"pantalon-con-pinzas-de-hombre-2","status":"publish","type":"product","link":"https:\/\/imprimeideas.es\/en\/product\/pantalon-con-pinzas-de-hombre-2\/","title":{"rendered":"PANTALON CON PINZAS DE HOMBRE"},"content":{"rendered":"<p>Pantal\u00f3n recto de vestir para hombre con pinzas. Dos bolsos de abertura inclinada en los costados. Dos bolsos traseros interiores con cierre de ojal y bot\u00f3n. Trabillas. Doble cierre de bot\u00f3n pl\u00e1stico y gancho met\u00e1lico, y bragueta de cremallera.<\/p>","protected":false},"excerpt":{"rendered":"<p>B9015 &#8211; PANTALON CON PINZAS DE HOMBRE<\/p>","protected":false},"featured_media":25880,"comment_status":"closed","ping_status":"open","template":"","meta":{"inline_featured_image":false},"product_brand":[],"product_cat":[2192],"product_tag":[],"class_list":{"0":"post-57135","1":"product","2":"type-product","3":"status-publish","4":"has-post-thumbnail","6":"product_cat-hosteleriasalapantalon-salatallas-especialespantalon-te","7":"pa_color-gris","8":"pa_color-gris-oscuro","9":"pa_color-marino","10":"pa_color-negro","12":"first","13":"instock","14":"purchasable","15":"product-type-variable"},"aioseo_notices":[],"_links":{"self":[{"href":"https:\/\/imprimeideas.es\/en\/wp-json\/wp\/v2\/product\/57135","targetHints":{"allow":["GET"]}}],"collection":[{"href":"https:\/\/imprimeideas.es\/en\/wp-json\/wp\/v2\/product"}],"about":[{"href":"https:\/\/imprimeideas.es\/en\/wp-json\/wp\/v2\/types\/product"}],"replies":[{"embeddable":true,"href":"https:\/\/imprimeideas.es\/en\/wp-json\/wp\/v2\/comments?post=57135"}],"version-history":[{"count":1,"href":"https:\/\/imprimeideas.es\/en\/wp-json\/wp\/v2\/product\/57135\/revisions"}],"predecessor-version":[{"id":57136,"href":"https:\/\/imprimeideas.es\/en\/wp-json\/wp\/v2\/product\/57135\/revisions\/57136"}],"wp:featuredmedia":[{"embeddable":true,"href":"https:\/\/imprimeideas.es\/en\/wp-json\/wp\/v2\/media\/25880"}],"wp:attachment":[{"href":"https:\/\/imprimeideas.es\/en\/wp-json\/wp\/v2\/media?parent=57135"}],"wp:term":[{"taxonomy":"product_brand","embeddable":true,"href":"https:\/\/imprimeideas.es\/en\/wp-json\/wp\/v2\/product_brand?post=57135"},{"taxonomy":"product_cat","embeddable":true,"href":"https:\/\/imprimeideas.es\/en\/wp-json\/wp\/v2\/product_cat?post=57135"},{"taxonomy":"product_tag","embeddable":true,"href":"https:\/\/imprimeideas.es\/en\/wp-json\/wp\/v2\/product_tag?post=57135"}],"curies":[{"name":"wp","href":"https:\/\/api.w.org\/{rel}","templated":true}]}}