{"id":57001,"date":"2026-02-24T13:59:03","date_gmt":"2026-02-24T12:59:03","guid":{"rendered":"https:\/\/imprimeideas.es\/producto\/pantalon-sanitario-3\/"},"modified":"2026-02-24T13:59:58","modified_gmt":"2026-02-24T12:59:58","slug":"pantalon-sanitario-3","status":"publish","type":"product","link":"https:\/\/imprimeideas.es\/en\/product\/pantalon-sanitario-3\/","title":{"rendered":"PANTALON SANITARIO"},"content":{"rendered":"<p>Pantal\u00f3n unisex con tejido el\u00e1stico. Dos bolsos de abertura inclinada en los costados. Bolsos dobles de plast\u00f3n en perneras, uno de ellos con cremallera. Bolsillos para bol\u00edgrafos. El\u00e1stico en la cintura y ajuste de cord\u00f3n.<\/p>","protected":false},"excerpt":{"rendered":"<p>B6960 &#8211; PANTALON SANITARIO<\/p>","protected":false},"featured_media":25796,"comment_status":"closed","ping_status":"open","template":"","meta":{"inline_featured_image":false},"product_brand":[],"product_cat":[2188],"product_tag":[],"class_list":{"0":"post-57001","1":"product","2":"type-product","3":"status-publish","4":"has-post-thumbnail","6":"product_cat-sanitariopantalon-sanitario","7":"pa_color-celeste","8":"pa_color-negro","9":"pa_color-rojo","11":"first","12":"instock","13":"purchasable","14":"product-type-variable"},"aioseo_notices":[],"_links":{"self":[{"href":"https:\/\/imprimeideas.es\/en\/wp-json\/wp\/v2\/product\/57001","targetHints":{"allow":["GET"]}}],"collection":[{"href":"https:\/\/imprimeideas.es\/en\/wp-json\/wp\/v2\/product"}],"about":[{"href":"https:\/\/imprimeideas.es\/en\/wp-json\/wp\/v2\/types\/product"}],"replies":[{"embeddable":true,"href":"https:\/\/imprimeideas.es\/en\/wp-json\/wp\/v2\/comments?post=57001"}],"version-history":[{"count":1,"href":"https:\/\/imprimeideas.es\/en\/wp-json\/wp\/v2\/product\/57001\/revisions"}],"predecessor-version":[{"id":57002,"href":"https:\/\/imprimeideas.es\/en\/wp-json\/wp\/v2\/product\/57001\/revisions\/57002"}],"wp:featuredmedia":[{"embeddable":true,"href":"https:\/\/imprimeideas.es\/en\/wp-json\/wp\/v2\/media\/25796"}],"wp:attachment":[{"href":"https:\/\/imprimeideas.es\/en\/wp-json\/wp\/v2\/media?parent=57001"}],"wp:term":[{"taxonomy":"product_brand","embeddable":true,"href":"https:\/\/imprimeideas.es\/en\/wp-json\/wp\/v2\/product_brand?post=57001"},{"taxonomy":"product_cat","embeddable":true,"href":"https:\/\/imprimeideas.es\/en\/wp-json\/wp\/v2\/product_cat?post=57001"},{"taxonomy":"product_tag","embeddable":true,"href":"https:\/\/imprimeideas.es\/en\/wp-json\/wp\/v2\/product_tag?post=57001"}],"curies":[{"name":"wp","href":"https:\/\/api.w.org\/{rel}","templated":true}]}}