{"id":56935,"date":"2026-02-24T13:57:33","date_gmt":"2026-02-24T12:57:33","guid":{"rendered":"https:\/\/imprimeideas.es\/producto\/casaca-sanitaria-de-mujer-2\/"},"modified":"2026-02-24T13:58:59","modified_gmt":"2026-02-24T12:58:59","slug":"casaca-sanitaria-de-mujer-2","status":"publish","type":"product","link":"https:\/\/imprimeideas.es\/en\/product\/casaca-sanitaria-de-mujer-2\/","title":{"rendered":"CASACA SANITARIA DE MUJER"},"content":{"rendered":"<p>Casaca entallada de manga corta con tejido el\u00e1stico. Cuello a pico. Dos bolsillos de plast\u00f3n laterales. Un bolsillo para bol\u00edgrafos. Aberturas en los costados.<\/p>","protected":false},"excerpt":{"rendered":"<p>B6955 &#8211; CASACA SANITARIA DE MUJER<\/p>","protected":false},"featured_media":25770,"comment_status":"closed","ping_status":"open","template":"","meta":{"inline_featured_image":false},"product_brand":[],"product_cat":[2190],"product_tag":[],"class_list":{"0":"post-56935","1":"product","2":"type-product","3":"status-publish","4":"has-post-thumbnail","6":"product_cat-sanitariocasaca-sanitariamujercasaca-mujer","7":"pa_color-azafata","8":"pa_color-blanco","9":"pa_color-celeste","10":"pa_color-gris","11":"pa_color-negro","12":"pa_color-rojo","14":"first","15":"instock","16":"purchasable","17":"product-type-variable"},"aioseo_notices":[],"_links":{"self":[{"href":"https:\/\/imprimeideas.es\/en\/wp-json\/wp\/v2\/product\/56935","targetHints":{"allow":["GET"]}}],"collection":[{"href":"https:\/\/imprimeideas.es\/en\/wp-json\/wp\/v2\/product"}],"about":[{"href":"https:\/\/imprimeideas.es\/en\/wp-json\/wp\/v2\/types\/product"}],"replies":[{"embeddable":true,"href":"https:\/\/imprimeideas.es\/en\/wp-json\/wp\/v2\/comments?post=56935"}],"version-history":[{"count":1,"href":"https:\/\/imprimeideas.es\/en\/wp-json\/wp\/v2\/product\/56935\/revisions"}],"predecessor-version":[{"id":56936,"href":"https:\/\/imprimeideas.es\/en\/wp-json\/wp\/v2\/product\/56935\/revisions\/56936"}],"wp:featuredmedia":[{"embeddable":true,"href":"https:\/\/imprimeideas.es\/en\/wp-json\/wp\/v2\/media\/25770"}],"wp:attachment":[{"href":"https:\/\/imprimeideas.es\/en\/wp-json\/wp\/v2\/media?parent=56935"}],"wp:term":[{"taxonomy":"product_brand","embeddable":true,"href":"https:\/\/imprimeideas.es\/en\/wp-json\/wp\/v2\/product_brand?post=56935"},{"taxonomy":"product_cat","embeddable":true,"href":"https:\/\/imprimeideas.es\/en\/wp-json\/wp\/v2\/product_cat?post=56935"},{"taxonomy":"product_tag","embeddable":true,"href":"https:\/\/imprimeideas.es\/en\/wp-json\/wp\/v2\/product_tag?post=56935"}],"curies":[{"name":"wp","href":"https:\/\/api.w.org\/{rel}","templated":true}]}}