{"id":56859,"date":"2026-02-24T13:56:28","date_gmt":"2026-02-24T12:56:28","guid":{"rendered":"https:\/\/imprimeideas.es\/producto\/pantalon-sanitario-de-mujer\/"},"modified":"2026-02-24T13:57:28","modified_gmt":"2026-02-24T12:57:28","slug":"pantalon-sanitario-de-mujer","status":"publish","type":"product","link":"https:\/\/imprimeideas.es\/en\/product\/pantalon-sanitario-de-mujer\/","title":{"rendered":"PANTALON SANITARIO DE MUJER"},"content":{"rendered":"<p>Pantal\u00f3n con tejido el\u00e1stico.  Dos bolsos de abertura inclinada en los costados. El\u00e1stico en bajos. El\u00e1stico en la cintura y ajuste de cord\u00f3n.<\/p>","protected":false},"excerpt":{"rendered":"<p>B6930 &#8211; PANTALON SANITARIO DE MUJER<\/p>","protected":false},"featured_media":25740,"comment_status":"closed","ping_status":"open","template":"","meta":{"inline_featured_image":false},"product_brand":[],"product_cat":[2189],"product_tag":[],"class_list":{"0":"post-56859","1":"product","2":"type-product","3":"status-publish","4":"has-post-thumbnail","6":"product_cat-sanitariopantalon-sanitariomujerpantalon-mujer","7":"pa_color-amarillo-claro","8":"pa_color-blanco","9":"pa_color-gris","10":"pa_color-gris-claro","11":"pa_color-melocoton","12":"pa_color-negro","13":"pa_color-rosa-fucsia","14":"pa_color-turquesa-claro","16":"first","17":"instock","18":"purchasable","19":"product-type-variable"},"aioseo_notices":[],"_links":{"self":[{"href":"https:\/\/imprimeideas.es\/en\/wp-json\/wp\/v2\/product\/56859","targetHints":{"allow":["GET"]}}],"collection":[{"href":"https:\/\/imprimeideas.es\/en\/wp-json\/wp\/v2\/product"}],"about":[{"href":"https:\/\/imprimeideas.es\/en\/wp-json\/wp\/v2\/types\/product"}],"replies":[{"embeddable":true,"href":"https:\/\/imprimeideas.es\/en\/wp-json\/wp\/v2\/comments?post=56859"}],"version-history":[{"count":1,"href":"https:\/\/imprimeideas.es\/en\/wp-json\/wp\/v2\/product\/56859\/revisions"}],"predecessor-version":[{"id":56860,"href":"https:\/\/imprimeideas.es\/en\/wp-json\/wp\/v2\/product\/56859\/revisions\/56860"}],"wp:featuredmedia":[{"embeddable":true,"href":"https:\/\/imprimeideas.es\/en\/wp-json\/wp\/v2\/media\/25740"}],"wp:attachment":[{"href":"https:\/\/imprimeideas.es\/en\/wp-json\/wp\/v2\/media?parent=56859"}],"wp:term":[{"taxonomy":"product_brand","embeddable":true,"href":"https:\/\/imprimeideas.es\/en\/wp-json\/wp\/v2\/product_brand?post=56859"},{"taxonomy":"product_cat","embeddable":true,"href":"https:\/\/imprimeideas.es\/en\/wp-json\/wp\/v2\/product_cat?post=56859"},{"taxonomy":"product_tag","embeddable":true,"href":"https:\/\/imprimeideas.es\/en\/wp-json\/wp\/v2\/product_tag?post=56859"}],"curies":[{"name":"wp","href":"https:\/\/api.w.org\/{rel}","templated":true}]}}