{"id":56820,"date":"2026-02-24T13:55:41","date_gmt":"2026-02-24T12:55:41","guid":{"rendered":"https:\/\/imprimeideas.es\/producto\/pantalon-sanitario-2\/"},"modified":"2026-02-24T13:56:45","modified_gmt":"2026-02-24T12:56:45","slug":"pantalon-sanitario-2","status":"publish","type":"product","link":"https:\/\/imprimeideas.es\/en\/product\/pantalon-sanitario-2\/","title":{"rendered":"PANTALON SANITARIO"},"content":{"rendered":"<p>Pantal\u00f3n con tejido el\u00e1stico. Dos bolsos de abertura redondeada en los costados. Un bolsillo trasero de plast\u00f3n. Un bolso doble de plast\u00f3n en pernera.  Bolsillos para bol\u00edgrafos.  El\u00e1stico en la cintura y ajuste de cord\u00f3n. Unisex.<\/p>","protected":false},"excerpt":{"rendered":"<p>B6920 &#8211; PANTALON SANITARIO<\/p>","protected":false},"featured_media":25725,"comment_status":"closed","ping_status":"open","template":"","meta":{"inline_featured_image":false},"product_brand":[],"product_cat":[2188],"product_tag":[],"class_list":{"0":"post-56820","1":"product","2":"type-product","3":"status-publish","4":"has-post-thumbnail","6":"product_cat-sanitariopantalon-sanitario","7":"pa_color-azafata","8":"pa_color-blanco","9":"pa_color-celeste","10":"pa_color-gris","11":"pa_color-gris-claro","12":"pa_color-negro","14":"first","15":"instock","16":"purchasable","17":"product-type-variable"},"aioseo_notices":[],"_links":{"self":[{"href":"https:\/\/imprimeideas.es\/en\/wp-json\/wp\/v2\/product\/56820","targetHints":{"allow":["GET"]}}],"collection":[{"href":"https:\/\/imprimeideas.es\/en\/wp-json\/wp\/v2\/product"}],"about":[{"href":"https:\/\/imprimeideas.es\/en\/wp-json\/wp\/v2\/types\/product"}],"replies":[{"embeddable":true,"href":"https:\/\/imprimeideas.es\/en\/wp-json\/wp\/v2\/comments?post=56820"}],"version-history":[{"count":1,"href":"https:\/\/imprimeideas.es\/en\/wp-json\/wp\/v2\/product\/56820\/revisions"}],"predecessor-version":[{"id":56821,"href":"https:\/\/imprimeideas.es\/en\/wp-json\/wp\/v2\/product\/56820\/revisions\/56821"}],"wp:featuredmedia":[{"embeddable":true,"href":"https:\/\/imprimeideas.es\/en\/wp-json\/wp\/v2\/media\/25725"}],"wp:attachment":[{"href":"https:\/\/imprimeideas.es\/en\/wp-json\/wp\/v2\/media?parent=56820"}],"wp:term":[{"taxonomy":"product_brand","embeddable":true,"href":"https:\/\/imprimeideas.es\/en\/wp-json\/wp\/v2\/product_brand?post=56820"},{"taxonomy":"product_cat","embeddable":true,"href":"https:\/\/imprimeideas.es\/en\/wp-json\/wp\/v2\/product_cat?post=56820"},{"taxonomy":"product_tag","embeddable":true,"href":"https:\/\/imprimeideas.es\/en\/wp-json\/wp\/v2\/product_tag?post=56820"}],"curies":[{"name":"wp","href":"https:\/\/api.w.org\/{rel}","templated":true}]}}