{"id":56793,"date":"2026-02-24T13:55:20","date_gmt":"2026-02-24T12:55:20","guid":{"rendered":"https:\/\/imprimeideas.es\/producto\/pantalon-sanitario\/"},"modified":"2026-02-24T13:56:01","modified_gmt":"2026-02-24T12:56:01","slug":"pantalon-sanitario","status":"publish","type":"product","link":"https:\/\/imprimeideas.es\/en\/product\/pantalon-sanitario\/","title":{"rendered":"PANTALON SANITARIO"},"content":{"rendered":"<p>Pantal\u00f3n unisex con tejido el\u00e1stico. Dos bolsos de abertura inclinada en los costados. Un bolsillo doble de plast\u00f3n en pernera. Un bolsillo trasero de ojal.  El\u00e1stico en la cintura y ajuste de cord\u00f3n.<\/p>","protected":false},"excerpt":{"rendered":"<p>B6910 &#8211; PANTALON SANITARIO<\/p>","protected":false},"featured_media":25712,"comment_status":"closed","ping_status":"open","template":"","meta":{"inline_featured_image":false},"product_brand":[],"product_cat":[2188],"product_tag":[],"class_list":{"0":"post-56793","1":"product","2":"type-product","3":"status-publish","4":"has-post-thumbnail","6":"product_cat-sanitariopantalon-sanitario","7":"pa_color-azulina","8":"pa_color-blanco","9":"pa_color-marino","10":"pa_color-turquesa","12":"first","13":"instock","14":"purchasable","15":"product-type-variable"},"aioseo_notices":[],"_links":{"self":[{"href":"https:\/\/imprimeideas.es\/en\/wp-json\/wp\/v2\/product\/56793","targetHints":{"allow":["GET"]}}],"collection":[{"href":"https:\/\/imprimeideas.es\/en\/wp-json\/wp\/v2\/product"}],"about":[{"href":"https:\/\/imprimeideas.es\/en\/wp-json\/wp\/v2\/types\/product"}],"replies":[{"embeddable":true,"href":"https:\/\/imprimeideas.es\/en\/wp-json\/wp\/v2\/comments?post=56793"}],"version-history":[{"count":1,"href":"https:\/\/imprimeideas.es\/en\/wp-json\/wp\/v2\/product\/56793\/revisions"}],"predecessor-version":[{"id":56794,"href":"https:\/\/imprimeideas.es\/en\/wp-json\/wp\/v2\/product\/56793\/revisions\/56794"}],"wp:featuredmedia":[{"embeddable":true,"href":"https:\/\/imprimeideas.es\/en\/wp-json\/wp\/v2\/media\/25712"}],"wp:attachment":[{"href":"https:\/\/imprimeideas.es\/en\/wp-json\/wp\/v2\/media?parent=56793"}],"wp:term":[{"taxonomy":"product_brand","embeddable":true,"href":"https:\/\/imprimeideas.es\/en\/wp-json\/wp\/v2\/product_brand?post=56793"},{"taxonomy":"product_cat","embeddable":true,"href":"https:\/\/imprimeideas.es\/en\/wp-json\/wp\/v2\/product_cat?post=56793"},{"taxonomy":"product_tag","embeddable":true,"href":"https:\/\/imprimeideas.es\/en\/wp-json\/wp\/v2\/product_tag?post=56793"}],"curies":[{"name":"wp","href":"https:\/\/api.w.org\/{rel}","templated":true}]}}