{"id":56766,"date":"2026-02-24T13:54:58","date_gmt":"2026-02-24T12:54:58","guid":{"rendered":"https:\/\/imprimeideas.es\/producto\/casaca-sanitaria-2\/"},"modified":"2026-02-24T13:55:38","modified_gmt":"2026-02-24T12:55:38","slug":"casaca-sanitaria-2","status":"publish","type":"product","link":"https:\/\/imprimeideas.es\/en\/product\/casaca-sanitaria-2\/","title":{"rendered":"CASACA SANITARIA"},"content":{"rendered":"<p>Casaca unisex de manga corta con tejido el\u00e1stico. Cuello a pico.  Un bolsillo en pecho de plast\u00f3n. Un bolsillo para bol\u00edgrafos. Aberturas en los costados.<\/p>","protected":false},"excerpt":{"rendered":"<p>B6851 &#8211; CASACA SANITARIA<\/p>","protected":false},"featured_media":25699,"comment_status":"closed","ping_status":"open","template":"","meta":{"inline_featured_image":false},"product_brand":[],"product_cat":[2187],"product_tag":[],"class_list":{"0":"post-56766","1":"product","2":"type-product","3":"status-publish","4":"has-post-thumbnail","6":"product_cat-sanitariocasaca-sanitaria","7":"pa_color-azulina","8":"pa_color-blanco","9":"pa_color-marino","10":"pa_color-turquesa","12":"first","13":"instock","14":"purchasable","15":"product-type-variable"},"aioseo_notices":[],"_links":{"self":[{"href":"https:\/\/imprimeideas.es\/en\/wp-json\/wp\/v2\/product\/56766","targetHints":{"allow":["GET"]}}],"collection":[{"href":"https:\/\/imprimeideas.es\/en\/wp-json\/wp\/v2\/product"}],"about":[{"href":"https:\/\/imprimeideas.es\/en\/wp-json\/wp\/v2\/types\/product"}],"replies":[{"embeddable":true,"href":"https:\/\/imprimeideas.es\/en\/wp-json\/wp\/v2\/comments?post=56766"}],"version-history":[{"count":1,"href":"https:\/\/imprimeideas.es\/en\/wp-json\/wp\/v2\/product\/56766\/revisions"}],"predecessor-version":[{"id":56767,"href":"https:\/\/imprimeideas.es\/en\/wp-json\/wp\/v2\/product\/56766\/revisions\/56767"}],"wp:featuredmedia":[{"embeddable":true,"href":"https:\/\/imprimeideas.es\/en\/wp-json\/wp\/v2\/media\/25699"}],"wp:attachment":[{"href":"https:\/\/imprimeideas.es\/en\/wp-json\/wp\/v2\/media?parent=56766"}],"wp:term":[{"taxonomy":"product_brand","embeddable":true,"href":"https:\/\/imprimeideas.es\/en\/wp-json\/wp\/v2\/product_brand?post=56766"},{"taxonomy":"product_cat","embeddable":true,"href":"https:\/\/imprimeideas.es\/en\/wp-json\/wp\/v2\/product_cat?post=56766"},{"taxonomy":"product_tag","embeddable":true,"href":"https:\/\/imprimeideas.es\/en\/wp-json\/wp\/v2\/product_tag?post=56766"}],"curies":[{"name":"wp","href":"https:\/\/api.w.org\/{rel}","templated":true}]}}