{"id":56649,"date":"2026-02-24T13:52:45","date_gmt":"2026-02-24T12:52:45","guid":{"rendered":"https:\/\/imprimeideas.es\/producto\/bata-de-mujer\/"},"modified":"2026-02-24T13:53:27","modified_gmt":"2026-02-24T12:53:27","slug":"bata-de-mujer","status":"publish","type":"product","link":"https:\/\/imprimeideas.es\/en\/product\/bata-de-mujer\/","title":{"rendered":"BATA DE MUJER"},"content":{"rendered":"<p>Bata entallada de se\u00f1ora con cuello solapa y cierre central de cinco botones al tono. Un bolso de pecho y dos bolsos laterales de plast\u00f3n. Manga  larga con pu\u00f1o de bot\u00f3n. Pinzas y cinto en la espalda.<\/p>","protected":false},"excerpt":{"rendered":"<p>B6100 &#8211; BATA DE MUJER<\/p>","protected":false},"featured_media":25637,"comment_status":"closed","ping_status":"open","template":"","meta":{"inline_featured_image":false},"product_brand":[],"product_cat":[2185],"product_tag":[],"class_list":{"0":"post-56649","1":"product","2":"type-product","3":"status-publish","4":"has-post-thumbnail","6":"product_cat-sanitariobata-sanitariamujerbata-mujertallas-especialesbata-te","7":"pa_color-blanco","8":"pa_color-celeste","9":"pa_color-verde","11":"first","12":"instock","13":"purchasable","14":"product-type-variable"},"aioseo_notices":[],"_links":{"self":[{"href":"https:\/\/imprimeideas.es\/en\/wp-json\/wp\/v2\/product\/56649","targetHints":{"allow":["GET"]}}],"collection":[{"href":"https:\/\/imprimeideas.es\/en\/wp-json\/wp\/v2\/product"}],"about":[{"href":"https:\/\/imprimeideas.es\/en\/wp-json\/wp\/v2\/types\/product"}],"replies":[{"embeddable":true,"href":"https:\/\/imprimeideas.es\/en\/wp-json\/wp\/v2\/comments?post=56649"}],"version-history":[{"count":1,"href":"https:\/\/imprimeideas.es\/en\/wp-json\/wp\/v2\/product\/56649\/revisions"}],"predecessor-version":[{"id":56650,"href":"https:\/\/imprimeideas.es\/en\/wp-json\/wp\/v2\/product\/56649\/revisions\/56650"}],"wp:featuredmedia":[{"embeddable":true,"href":"https:\/\/imprimeideas.es\/en\/wp-json\/wp\/v2\/media\/25637"}],"wp:attachment":[{"href":"https:\/\/imprimeideas.es\/en\/wp-json\/wp\/v2\/media?parent=56649"}],"wp:term":[{"taxonomy":"product_brand","embeddable":true,"href":"https:\/\/imprimeideas.es\/en\/wp-json\/wp\/v2\/product_brand?post=56649"},{"taxonomy":"product_cat","embeddable":true,"href":"https:\/\/imprimeideas.es\/en\/wp-json\/wp\/v2\/product_cat?post=56649"},{"taxonomy":"product_tag","embeddable":true,"href":"https:\/\/imprimeideas.es\/en\/wp-json\/wp\/v2\/product_tag?post=56649"}],"curies":[{"name":"wp","href":"https:\/\/api.w.org\/{rel}","templated":true}]}}