{"id":56640,"date":"2026-02-24T13:52:45","date_gmt":"2026-02-24T12:52:45","guid":{"rendered":"https:\/\/imprimeideas.es\/producto\/pantalon-de-cocina-3\/"},"modified":"2026-02-24T13:53:04","modified_gmt":"2026-02-24T12:53:04","slug":"pantalon-de-cocina-3","status":"publish","type":"product","link":"https:\/\/imprimeideas.es\/en\/product\/pantalon-de-cocina-3\/","title":{"rendered":"PANTALON DE COCINA"},"content":{"rendered":"<p>Pantal\u00f3n unisex en tejido de pata de gallo cl\u00e1sica. El\u00e1stico en la cintura y ajuste de cord\u00f3n. Dos bolsos de abertura redondeada en los costados. Un bolso trasero de plast\u00f3n.<\/p>","protected":false},"excerpt":{"rendered":"<p>B5925 &#8211; PANTALON DE COCINA<\/p>","protected":false},"featured_media":56643,"comment_status":"closed","ping_status":"open","template":"","meta":{"inline_featured_image":false},"product_brand":[],"product_cat":[2182],"product_tag":[],"class_list":{"0":"post-56640","1":"product","2":"type-product","3":"status-publish","4":"has-post-thumbnail","6":"product_cat-hosteleriacocinapantalon-cocina","7":"pa_color-negroblanco","9":"first","10":"instock","11":"purchasable","12":"product-type-variable"},"aioseo_notices":[],"_links":{"self":[{"href":"https:\/\/imprimeideas.es\/en\/wp-json\/wp\/v2\/product\/56640","targetHints":{"allow":["GET"]}}],"collection":[{"href":"https:\/\/imprimeideas.es\/en\/wp-json\/wp\/v2\/product"}],"about":[{"href":"https:\/\/imprimeideas.es\/en\/wp-json\/wp\/v2\/types\/product"}],"replies":[{"embeddable":true,"href":"https:\/\/imprimeideas.es\/en\/wp-json\/wp\/v2\/comments?post=56640"}],"version-history":[{"count":1,"href":"https:\/\/imprimeideas.es\/en\/wp-json\/wp\/v2\/product\/56640\/revisions"}],"predecessor-version":[{"id":56641,"href":"https:\/\/imprimeideas.es\/en\/wp-json\/wp\/v2\/product\/56640\/revisions\/56641"}],"wp:featuredmedia":[{"embeddable":true,"href":"https:\/\/imprimeideas.es\/en\/wp-json\/wp\/v2\/media\/56643"}],"wp:attachment":[{"href":"https:\/\/imprimeideas.es\/en\/wp-json\/wp\/v2\/media?parent=56640"}],"wp:term":[{"taxonomy":"product_brand","embeddable":true,"href":"https:\/\/imprimeideas.es\/en\/wp-json\/wp\/v2\/product_brand?post=56640"},{"taxonomy":"product_cat","embeddable":true,"href":"https:\/\/imprimeideas.es\/en\/wp-json\/wp\/v2\/product_cat?post=56640"},{"taxonomy":"product_tag","embeddable":true,"href":"https:\/\/imprimeideas.es\/en\/wp-json\/wp\/v2\/product_tag?post=56640"}],"curies":[{"name":"wp","href":"https:\/\/api.w.org\/{rel}","templated":true}]}}