{"id":56497,"date":"2026-02-24T13:50:57","date_gmt":"2026-02-24T12:50:57","guid":{"rendered":"https:\/\/imprimeideas.es\/producto\/gorro-de-alta-visibilidad-4\/"},"modified":"2026-02-24T13:51:17","modified_gmt":"2026-02-24T12:51:17","slug":"gorro-de-alta-visibilidad-4","status":"publish","type":"product","link":"https:\/\/imprimeideas.es\/en\/product\/gorro-de-alta-visibilidad-4\/","title":{"rendered":"GORRO DE ALTA VISIBILIDAD"},"content":{"rendered":"<p>Gorro tipo safari. Ala ajustable con cierres de corchete met\u00e1licos y cord\u00f3n de transporte a juego. De confortable interior forrado y con orificios de ventilaci\u00f3n laterales reforzados con argollas met\u00e1licas.<\/p>","protected":false},"excerpt":{"rendered":"<p>WFA930 &#8211; GORRO DE ALTA VISIBILIDAD<\/p>","protected":false},"featured_media":25513,"comment_status":"closed","ping_status":"open","template":"","meta":{"inline_featured_image":false},"product_brand":[],"product_cat":[2175],"product_tag":[],"class_list":{"0":"post-56497","1":"product","2":"type-product","3":"status-publish","4":"has-post-thumbnail","6":"product_cat-alta-visibilidagorro-av","7":"pa_color-amarillo-a-v","8":"pa_color-naranja-a-v","10":"first","11":"instock","12":"purchasable","13":"product-type-variable"},"aioseo_notices":[],"_links":{"self":[{"href":"https:\/\/imprimeideas.es\/en\/wp-json\/wp\/v2\/product\/56497","targetHints":{"allow":["GET"]}}],"collection":[{"href":"https:\/\/imprimeideas.es\/en\/wp-json\/wp\/v2\/product"}],"about":[{"href":"https:\/\/imprimeideas.es\/en\/wp-json\/wp\/v2\/types\/product"}],"replies":[{"embeddable":true,"href":"https:\/\/imprimeideas.es\/en\/wp-json\/wp\/v2\/comments?post=56497"}],"version-history":[{"count":1,"href":"https:\/\/imprimeideas.es\/en\/wp-json\/wp\/v2\/product\/56497\/revisions"}],"predecessor-version":[{"id":56498,"href":"https:\/\/imprimeideas.es\/en\/wp-json\/wp\/v2\/product\/56497\/revisions\/56498"}],"wp:featuredmedia":[{"embeddable":true,"href":"https:\/\/imprimeideas.es\/en\/wp-json\/wp\/v2\/media\/25513"}],"wp:attachment":[{"href":"https:\/\/imprimeideas.es\/en\/wp-json\/wp\/v2\/media?parent=56497"}],"wp:term":[{"taxonomy":"product_brand","embeddable":true,"href":"https:\/\/imprimeideas.es\/en\/wp-json\/wp\/v2\/product_brand?post=56497"},{"taxonomy":"product_cat","embeddable":true,"href":"https:\/\/imprimeideas.es\/en\/wp-json\/wp\/v2\/product_cat?post=56497"},{"taxonomy":"product_tag","embeddable":true,"href":"https:\/\/imprimeideas.es\/en\/wp-json\/wp\/v2\/product_tag?post=56497"}],"curies":[{"name":"wp","href":"https:\/\/api.w.org\/{rel}","templated":true}]}}