{"id":56418,"date":"2026-02-24T13:50:06","date_gmt":"2026-02-24T12:50:06","guid":{"rendered":"https:\/\/imprimeideas.es\/producto\/bolsa-de-herramientas-2\/"},"modified":"2026-02-24T13:50:53","modified_gmt":"2026-02-24T12:50:53","slug":"bolsa-de-herramientas-2","status":"publish","type":"product","link":"https:\/\/imprimeideas.es\/en\/product\/bolsa-de-herramientas-2\/","title":{"rendered":"BOLSA DE HERRAMIENTAS"},"content":{"rendered":"<p>Bolsa para herramientas multibolsillos con diversas aberturas. Bolso para clavos y enganches para diferentes herramientas. Argolla met\u00e1lica para taladro. Enganche met\u00e1lico para ajustar al cintur\u00f3n. Bies a contraste. Dimensiones: 24x20x7 cm aprox.<\/p>","protected":false},"excerpt":{"rendered":"<p>WFA555 &#8211; BOLSA DE HERRAMIENTAS<\/p>","protected":false},"featured_media":25425,"comment_status":"closed","ping_status":"open","template":"","meta":{"inline_featured_image":false},"product_brand":[],"product_cat":[2171],"product_tag":[],"class_list":{"0":"post-56418","1":"product","2":"type-product","3":"status-publish","4":"has-post-thumbnail","6":"product_cat-industriabolsa-industria","7":"pa_color-blancogris","8":"pa_color-gris-oscuroverde-fluor","9":"pa_color-negrogris","11":"first","12":"instock","13":"purchasable","14":"product-type-variable"},"aioseo_notices":[],"_links":{"self":[{"href":"https:\/\/imprimeideas.es\/en\/wp-json\/wp\/v2\/product\/56418","targetHints":{"allow":["GET"]}}],"collection":[{"href":"https:\/\/imprimeideas.es\/en\/wp-json\/wp\/v2\/product"}],"about":[{"href":"https:\/\/imprimeideas.es\/en\/wp-json\/wp\/v2\/types\/product"}],"replies":[{"embeddable":true,"href":"https:\/\/imprimeideas.es\/en\/wp-json\/wp\/v2\/comments?post=56418"}],"version-history":[{"count":1,"href":"https:\/\/imprimeideas.es\/en\/wp-json\/wp\/v2\/product\/56418\/revisions"}],"predecessor-version":[{"id":56419,"href":"https:\/\/imprimeideas.es\/en\/wp-json\/wp\/v2\/product\/56418\/revisions\/56419"}],"wp:featuredmedia":[{"embeddable":true,"href":"https:\/\/imprimeideas.es\/en\/wp-json\/wp\/v2\/media\/25425"}],"wp:attachment":[{"href":"https:\/\/imprimeideas.es\/en\/wp-json\/wp\/v2\/media?parent=56418"}],"wp:term":[{"taxonomy":"product_brand","embeddable":true,"href":"https:\/\/imprimeideas.es\/en\/wp-json\/wp\/v2\/product_brand?post=56418"},{"taxonomy":"product_cat","embeddable":true,"href":"https:\/\/imprimeideas.es\/en\/wp-json\/wp\/v2\/product_cat?post=56418"},{"taxonomy":"product_tag","embeddable":true,"href":"https:\/\/imprimeideas.es\/en\/wp-json\/wp\/v2\/product_tag?post=56418"}],"curies":[{"name":"wp","href":"https:\/\/api.w.org\/{rel}","templated":true}]}}