{"id":54018,"date":"2026-02-24T13:17:35","date_gmt":"2026-02-24T12:17:35","guid":{"rendered":"https:\/\/imprimeideas.es\/producto\/mascarilla-de-proteccion\/"},"modified":"2026-02-24T13:17:42","modified_gmt":"2026-02-24T12:17:42","slug":"mascarilla-de-proteccion","status":"publish","type":"product","link":"https:\/\/imprimeideas.es\/en\/product\/mascarilla-de-proteccion\/","title":{"rendered":"MASCARILLA DE PROTECCION"},"content":{"rendered":"<p>Mascarilla de protecci\u00f3n de tres capas. Capa exterior con acabado antiviral y antibacteriano. Capa intermedia compuesta de un interlineado que mantiene un dosel armado para mantener la forma de la mascarilla para una mejor respiraci\u00f3n y de un filtro TNT con alto nivel de protecci\u00f3n. Capa interior con un tratamiento antibacteriano para evitar la proliferaci\u00f3n de virus y controlar el olor, con termoregulaci\u00f3n inteligente y tecnolog\u00eda din\u00e1mica de evaporaci\u00f3n y refrigeraci\u00f3n. Actividad bactericida y fungicida. Reutilizable 25 lavados a 60 grados.<\/p>","protected":false},"excerpt":{"rendered":"<p>MSK1309 &#8211; MASCARILLA DE PROTECCION<\/p>","protected":false},"featured_media":54021,"comment_status":"closed","ping_status":"open","template":"","meta":{"inline_featured_image":false},"product_brand":[],"product_cat":[2164],"product_tag":[],"class_list":{"0":"post-54018","1":"product","2":"type-product","3":"status-publish","4":"has-post-thumbnail","6":"product_cat-epimascarilla-epiantiviralantibacteriano","7":"pa_color-negro","9":"first","10":"instock","11":"purchasable","12":"product-type-simple"},"aioseo_notices":[],"_links":{"self":[{"href":"https:\/\/imprimeideas.es\/en\/wp-json\/wp\/v2\/product\/54018","targetHints":{"allow":["GET"]}}],"collection":[{"href":"https:\/\/imprimeideas.es\/en\/wp-json\/wp\/v2\/product"}],"about":[{"href":"https:\/\/imprimeideas.es\/en\/wp-json\/wp\/v2\/types\/product"}],"replies":[{"embeddable":true,"href":"https:\/\/imprimeideas.es\/en\/wp-json\/wp\/v2\/comments?post=54018"}],"version-history":[{"count":1,"href":"https:\/\/imprimeideas.es\/en\/wp-json\/wp\/v2\/product\/54018\/revisions"}],"predecessor-version":[{"id":54019,"href":"https:\/\/imprimeideas.es\/en\/wp-json\/wp\/v2\/product\/54018\/revisions\/54019"}],"wp:featuredmedia":[{"embeddable":true,"href":"https:\/\/imprimeideas.es\/en\/wp-json\/wp\/v2\/media\/54021"}],"wp:attachment":[{"href":"https:\/\/imprimeideas.es\/en\/wp-json\/wp\/v2\/media?parent=54018"}],"wp:term":[{"taxonomy":"product_brand","embeddable":true,"href":"https:\/\/imprimeideas.es\/en\/wp-json\/wp\/v2\/product_brand?post=54018"},{"taxonomy":"product_cat","embeddable":true,"href":"https:\/\/imprimeideas.es\/en\/wp-json\/wp\/v2\/product_cat?post=54018"},{"taxonomy":"product_tag","embeddable":true,"href":"https:\/\/imprimeideas.es\/en\/wp-json\/wp\/v2\/product_tag?post=54018"}],"curies":[{"name":"wp","href":"https:\/\/api.w.org\/{rel}","templated":true}]}}