{"id":53738,"date":"2026-02-24T12:50:17","date_gmt":"2026-02-24T11:50:17","guid":{"rendered":"https:\/\/imprimeideas.es\/?post_type=product&p=53738"},"modified":"2026-02-26T18:19:34","modified_gmt":"2026-02-26T17:19:34","slug":"caja-bombon-de-corazon-fobin","status":"publish","type":"product","link":"https:\/\/imprimeideas.es\/en\/product\/caja-bombon-de-corazon-fobin\/","title":{"rendered":"Caja Bomb\u00f3n de Coraz\u00f3n Fobin"},"content":{"rendered":"<p>Caja bomb\u00f3n de  coraz\u00f3n de barro y semillas de flores silvestres. Presentado en estuche de cart\u00f3n reciclado con instrucciones de plantado. Flores silvestres.<\/p>","protected":false},"excerpt":{"rendered":"<p>Flores Silvestres<\/p>","protected":false},"featured_media":81844,"comment_status":"open","ping_status":"open","template":"","meta":{"inline_featured_image":false},"product_brand":[],"product_cat":[2157,106],"product_tag":[],"class_list":{"0":"post-53738","1":"product","2":"type-product","3":"status-publish","4":"has-post-thumbnail","6":"product_cat-novedades","7":"product_cat-regalos-y-premiums","9":"first","10":"instock","11":"taxable","12":"shipping-taxable","13":"purchasable","14":"product-type-variable","15":"has-default-attributes"},"aioseo_notices":[],"_links":{"self":[{"href":"https:\/\/imprimeideas.es\/en\/wp-json\/wp\/v2\/product\/53738","targetHints":{"allow":["GET"]}}],"collection":[{"href":"https:\/\/imprimeideas.es\/en\/wp-json\/wp\/v2\/product"}],"about":[{"href":"https:\/\/imprimeideas.es\/en\/wp-json\/wp\/v2\/types\/product"}],"replies":[{"embeddable":true,"href":"https:\/\/imprimeideas.es\/en\/wp-json\/wp\/v2\/comments?post=53738"}],"version-history":[{"count":1,"href":"https:\/\/imprimeideas.es\/en\/wp-json\/wp\/v2\/product\/53738\/revisions"}],"predecessor-version":[{"id":59139,"href":"https:\/\/imprimeideas.es\/en\/wp-json\/wp\/v2\/product\/53738\/revisions\/59139"}],"wp:featuredmedia":[{"embeddable":true,"href":"https:\/\/imprimeideas.es\/en\/wp-json\/wp\/v2\/media\/81844"}],"wp:attachment":[{"href":"https:\/\/imprimeideas.es\/en\/wp-json\/wp\/v2\/media?parent=53738"}],"wp:term":[{"taxonomy":"product_brand","embeddable":true,"href":"https:\/\/imprimeideas.es\/en\/wp-json\/wp\/v2\/product_brand?post=53738"},{"taxonomy":"product_cat","embeddable":true,"href":"https:\/\/imprimeideas.es\/en\/wp-json\/wp\/v2\/product_cat?post=53738"},{"taxonomy":"product_tag","embeddable":true,"href":"https:\/\/imprimeideas.es\/en\/wp-json\/wp\/v2\/product_tag?post=53738"}],"curies":[{"name":"wp","href":"https:\/\/api.w.org\/{rel}","templated":true}]}}