{"id":53722,"date":"2026-02-24T12:50:15","date_gmt":"2026-02-24T11:50:15","guid":{"rendered":"https:\/\/imprimeideas.es\/?post_type=product&p=53722"},"modified":"2026-02-26T18:33:08","modified_gmt":"2026-02-26T17:33:08","slug":"cable-cargador-soporte-euclab","status":"publish","type":"product","link":"https:\/\/imprimeideas.es\/en\/product\/cable-cargador-soporte-euclab\/","title":{"rendered":"Cable Cargador Soporte Euclab"},"content":{"rendered":"<p>Pulsera con funci\u00f3n de soporte y cable cargador, fabricado en una combinaci\u00f3n de poli\u00e9ster RPET. Dise\u00f1ado para colocarse f\u00e1cilmente entre la funda y el smartphone gracias a su accesorio de transporte. Incluye cinta a juego, mosquet\u00f3n met\u00e1lico giratorio en color negro y accesorio para ajuste en mu\u00f1eca. Ofrece funcionalidad de carga y traspaso de datos, con entrada Tipo C 60W, y salidas Tipo C.<\/p>","protected":false},"excerpt":{"rendered":"<p>Apto para transferir datos. Ajustable. Conexi\u00f3n Tipo C PD 60W<\/p>","protected":false},"featured_media":63538,"comment_status":"open","ping_status":"open","template":"","meta":{"inline_featured_image":false},"product_brand":[],"product_cat":[2157,95],"product_tag":[],"class_list":{"0":"post-53722","1":"product","2":"type-product","3":"status-publish","4":"has-post-thumbnail","6":"product_cat-novedades","7":"product_cat-tecnologia-y-accesorios","9":"first","10":"outofstock","11":"taxable","12":"shipping-taxable","13":"purchasable","14":"product-type-variable","15":"has-default-attributes"},"aioseo_notices":[],"_links":{"self":[{"href":"https:\/\/imprimeideas.es\/en\/wp-json\/wp\/v2\/product\/53722","targetHints":{"allow":["GET"]}}],"collection":[{"href":"https:\/\/imprimeideas.es\/en\/wp-json\/wp\/v2\/product"}],"about":[{"href":"https:\/\/imprimeideas.es\/en\/wp-json\/wp\/v2\/types\/product"}],"replies":[{"embeddable":true,"href":"https:\/\/imprimeideas.es\/en\/wp-json\/wp\/v2\/comments?post=53722"}],"version-history":[{"count":1,"href":"https:\/\/imprimeideas.es\/en\/wp-json\/wp\/v2\/product\/53722\/revisions"}],"predecessor-version":[{"id":58625,"href":"https:\/\/imprimeideas.es\/en\/wp-json\/wp\/v2\/product\/53722\/revisions\/58625"}],"wp:featuredmedia":[{"embeddable":true,"href":"https:\/\/imprimeideas.es\/en\/wp-json\/wp\/v2\/media\/63538"}],"wp:attachment":[{"href":"https:\/\/imprimeideas.es\/en\/wp-json\/wp\/v2\/media?parent=53722"}],"wp:term":[{"taxonomy":"product_brand","embeddable":true,"href":"https:\/\/imprimeideas.es\/en\/wp-json\/wp\/v2\/product_brand?post=53722"},{"taxonomy":"product_cat","embeddable":true,"href":"https:\/\/imprimeideas.es\/en\/wp-json\/wp\/v2\/product_cat?post=53722"},{"taxonomy":"product_tag","embeddable":true,"href":"https:\/\/imprimeideas.es\/en\/wp-json\/wp\/v2\/product_tag?post=53722"}],"curies":[{"name":"wp","href":"https:\/\/api.w.org\/{rel}","templated":true}]}}