{"id":53711,"date":"2026-02-24T12:50:13","date_gmt":"2026-02-24T11:50:13","guid":{"rendered":"https:\/\/imprimeideas.es\/?post_type=product&p=53711"},"modified":"2026-02-26T18:28:06","modified_gmt":"2026-02-26T17:28:06","slug":"mochila-colossus","status":"publish","type":"product","link":"https:\/\/imprimeideas.es\/en\/product\/mochila-colossus\/","title":{"rendered":"Mochila Colossus"},"content":{"rendered":"<p>Mochila  en resistente poli\u00e9ster  600D. Parte frontal con m\u00faltiples bolsillos, adem\u00e1s de soportes el\u00e1sticos y velcros para colgar los accesorios necesarios durante la aventura. Compartimento principal con cierre de cremallera de doble tirador , con capacidad para port\u00e1til de 17 pulgadas. Incluye  asa de transporte. Con espalda y cintas de hombros acolchadas y ajustables, cinta para  trolley, y bolsillos laterales de rejilla.<\/p>","protected":false},"excerpt":{"rendered":"<p>Bolsillo Acolchado para Port\u00e1til. Parte Trasera y Cintas Acolchadas<\/p>","protected":false},"featured_media":78235,"comment_status":"open","ping_status":"open","template":"","meta":{"inline_featured_image":false},"product_brand":[],"product_cat":[2157,94],"product_tag":[],"class_list":{"0":"post-53711","1":"product","2":"type-product","3":"status-publish","4":"has-post-thumbnail","6":"product_cat-novedades","7":"product_cat-mochilas","9":"first","10":"outofstock","11":"taxable","12":"shipping-taxable","13":"purchasable","14":"product-type-variable","15":"has-default-attributes"},"aioseo_notices":[],"_links":{"self":[{"href":"https:\/\/imprimeideas.es\/en\/wp-json\/wp\/v2\/product\/53711","targetHints":{"allow":["GET"]}}],"collection":[{"href":"https:\/\/imprimeideas.es\/en\/wp-json\/wp\/v2\/product"}],"about":[{"href":"https:\/\/imprimeideas.es\/en\/wp-json\/wp\/v2\/types\/product"}],"replies":[{"embeddable":true,"href":"https:\/\/imprimeideas.es\/en\/wp-json\/wp\/v2\/comments?post=53711"}],"version-history":[{"count":1,"href":"https:\/\/imprimeideas.es\/en\/wp-json\/wp\/v2\/product\/53711\/revisions"}],"predecessor-version":[{"id":58675,"href":"https:\/\/imprimeideas.es\/en\/wp-json\/wp\/v2\/product\/53711\/revisions\/58675"}],"wp:featuredmedia":[{"embeddable":true,"href":"https:\/\/imprimeideas.es\/en\/wp-json\/wp\/v2\/media\/78235"}],"wp:attachment":[{"href":"https:\/\/imprimeideas.es\/en\/wp-json\/wp\/v2\/media?parent=53711"}],"wp:term":[{"taxonomy":"product_brand","embeddable":true,"href":"https:\/\/imprimeideas.es\/en\/wp-json\/wp\/v2\/product_brand?post=53711"},{"taxonomy":"product_cat","embeddable":true,"href":"https:\/\/imprimeideas.es\/en\/wp-json\/wp\/v2\/product_cat?post=53711"},{"taxonomy":"product_tag","embeddable":true,"href":"https:\/\/imprimeideas.es\/en\/wp-json\/wp\/v2\/product_tag?post=53711"}],"curies":[{"name":"wp","href":"https:\/\/api.w.org\/{rel}","templated":true}]}}