{"id":53707,"date":"2026-02-24T12:50:13","date_gmt":"2026-02-24T11:50:13","guid":{"rendered":"https:\/\/imprimeideas.es\/?post_type=product&p=53707"},"modified":"2026-02-26T18:13:40","modified_gmt":"2026-02-26T17:13:40","slug":"fiambrera-numix","status":"publish","type":"product","link":"https:\/\/imprimeideas.es\/en\/product\/fiambrera-numix\/","title":{"rendered":"Fiambrera Numix"},"content":{"rendered":"<p>Fiambrera plegable de 1,2 L de capacidad. Fabricado en silicona de alta calidad con tapa en PP r\u00edgida transl\u00facida con cierre de seguridad. Con cuerpo flexible de acabado mate, esta fiambrera puede ser plegada para un c\u00f3modo y sencillo almacenamiento. Libre de BPA.  Con logo Food Grade en base.<\/p>","protected":false},"excerpt":{"rendered":"<p>1,2 L. Plegable. Cierre Seguridad<\/p>","protected":false},"featured_media":70064,"comment_status":"open","ping_status":"open","template":"","meta":{"inline_featured_image":false},"product_brand":[],"product_cat":[2157,98],"product_tag":[],"class_list":{"0":"post-53707","1":"product","2":"type-product","3":"status-publish","4":"has-post-thumbnail","6":"product_cat-novedades","7":"product_cat-take-away","9":"first","10":"outofstock","11":"taxable","12":"shipping-taxable","13":"purchasable","14":"product-type-variable","15":"has-default-attributes"},"aioseo_notices":[],"_links":{"self":[{"href":"https:\/\/imprimeideas.es\/en\/wp-json\/wp\/v2\/product\/53707","targetHints":{"allow":["GET"]}}],"collection":[{"href":"https:\/\/imprimeideas.es\/en\/wp-json\/wp\/v2\/product"}],"about":[{"href":"https:\/\/imprimeideas.es\/en\/wp-json\/wp\/v2\/types\/product"}],"replies":[{"embeddable":true,"href":"https:\/\/imprimeideas.es\/en\/wp-json\/wp\/v2\/comments?post=53707"}],"version-history":[{"count":1,"href":"https:\/\/imprimeideas.es\/en\/wp-json\/wp\/v2\/product\/53707\/revisions"}],"predecessor-version":[{"id":58623,"href":"https:\/\/imprimeideas.es\/en\/wp-json\/wp\/v2\/product\/53707\/revisions\/58623"}],"wp:featuredmedia":[{"embeddable":true,"href":"https:\/\/imprimeideas.es\/en\/wp-json\/wp\/v2\/media\/70064"}],"wp:attachment":[{"href":"https:\/\/imprimeideas.es\/en\/wp-json\/wp\/v2\/media?parent=53707"}],"wp:term":[{"taxonomy":"product_brand","embeddable":true,"href":"https:\/\/imprimeideas.es\/en\/wp-json\/wp\/v2\/product_brand?post=53707"},{"taxonomy":"product_cat","embeddable":true,"href":"https:\/\/imprimeideas.es\/en\/wp-json\/wp\/v2\/product_cat?post=53707"},{"taxonomy":"product_tag","embeddable":true,"href":"https:\/\/imprimeideas.es\/en\/wp-json\/wp\/v2\/product_tag?post=53707"}],"curies":[{"name":"wp","href":"https:\/\/api.w.org\/{rel}","templated":true}]}}