{"id":53705,"date":"2026-02-24T12:50:12","date_gmt":"2026-02-24T11:50:12","guid":{"rendered":"https:\/\/imprimeideas.es\/?post_type=product&p=53705"},"modified":"2026-02-26T18:23:27","modified_gmt":"2026-02-26T17:23:27","slug":"mochila-al-vacio-tempest","status":"publish","type":"product","link":"https:\/\/imprimeideas.es\/en\/product\/mochila-al-vacio-tempest\/","title":{"rendered":"Mochila al Vac\u00edo Tempest"},"content":{"rendered":"<p>Mochila al vac\u00edo con elegante dise\u00f1o en suave nylon incluye bomba de vac\u00edo de 35W. Cuenta con un compartimento principal extensible, en \u00e9l se encuentra un bolsillo interior de vac\u00edo. El tercer compartimento dispone de un bolsillo con  m\u00faltiples opciones de almacenamiento. Adem\u00e1s de dos bolsillos de peque\u00f1o tama\u00f1o en la parte frontal. Laterales con hebillas para ajuste. Espalda y cintas acolchadas, y cinta para trolley.  Asa de agarre  y en la parte superior.<\/p>","protected":false},"excerpt":{"rendered":"<p>Parte Trasera y Cintas Acolchadas. Bomba de Vac\u00edo Incluida<\/p>","protected":false},"featured_media":53764,"comment_status":"open","ping_status":"open","template":"","meta":{"inline_featured_image":false},"product_brand":[],"product_cat":[2157,94,103],"product_tag":[],"class_list":{"0":"post-53705","1":"product","2":"type-product","3":"status-publish","4":"has-post-thumbnail","6":"product_cat-novedades","7":"product_cat-mochilas","8":"product_cat-viaje","10":"first","11":"outofstock","12":"taxable","13":"shipping-taxable","14":"purchasable","15":"product-type-variable","16":"has-default-attributes"},"aioseo_notices":[],"_links":{"self":[{"href":"https:\/\/imprimeideas.es\/en\/wp-json\/wp\/v2\/product\/53705","targetHints":{"allow":["GET"]}}],"collection":[{"href":"https:\/\/imprimeideas.es\/en\/wp-json\/wp\/v2\/product"}],"about":[{"href":"https:\/\/imprimeideas.es\/en\/wp-json\/wp\/v2\/types\/product"}],"replies":[{"embeddable":true,"href":"https:\/\/imprimeideas.es\/en\/wp-json\/wp\/v2\/comments?post=53705"}],"version-history":[{"count":1,"href":"https:\/\/imprimeideas.es\/en\/wp-json\/wp\/v2\/product\/53705\/revisions"}],"predecessor-version":[{"id":58674,"href":"https:\/\/imprimeideas.es\/en\/wp-json\/wp\/v2\/product\/53705\/revisions\/58674"}],"wp:featuredmedia":[{"embeddable":true,"href":"https:\/\/imprimeideas.es\/en\/wp-json\/wp\/v2\/media\/53764"}],"wp:attachment":[{"href":"https:\/\/imprimeideas.es\/en\/wp-json\/wp\/v2\/media?parent=53705"}],"wp:term":[{"taxonomy":"product_brand","embeddable":true,"href":"https:\/\/imprimeideas.es\/en\/wp-json\/wp\/v2\/product_brand?post=53705"},{"taxonomy":"product_cat","embeddable":true,"href":"https:\/\/imprimeideas.es\/en\/wp-json\/wp\/v2\/product_cat?post=53705"},{"taxonomy":"product_tag","embeddable":true,"href":"https:\/\/imprimeideas.es\/en\/wp-json\/wp\/v2\/product_tag?post=53705"}],"curies":[{"name":"wp","href":"https:\/\/api.w.org\/{rel}","templated":true}]}}