{"id":53703,"date":"2026-02-24T12:50:12","date_gmt":"2026-02-24T11:50:12","guid":{"rendered":"https:\/\/imprimeideas.es\/?post_type=product&p=53703"},"modified":"2026-02-26T18:19:43","modified_gmt":"2026-02-26T17:19:43","slug":"set-herramientas-calquix","status":"publish","type":"product","link":"https:\/\/imprimeideas.es\/en\/product\/set-herramientas-calquix\/","title":{"rendered":"Set Herramientas Calquix"},"content":{"rendered":"<p>Pr\u00e1ctico set de herramientas con estuche fabricado en ABS. Incluye un adaptador de precisi\u00f3n con 32 accesorios magn\u00e9ticos, compuesto por diversas puntas: philips, estrella, planas, hexagonales y torx.<\/p>","protected":false},"excerpt":{"rendered":"<p>32 Accessorios<\/p>","protected":false},"featured_media":58853,"comment_status":"open","ping_status":"open","template":"","meta":{"inline_featured_image":false},"product_brand":[],"product_cat":[2157,110],"product_tag":[],"class_list":{"0":"post-53703","1":"product","2":"type-product","3":"status-publish","4":"has-post-thumbnail","6":"product_cat-novedades","7":"product_cat-herramientas-brico-y-automovil","9":"first","10":"outofstock","11":"taxable","12":"shipping-taxable","13":"purchasable","14":"product-type-variable","15":"has-default-attributes"},"aioseo_notices":[],"_links":{"self":[{"href":"https:\/\/imprimeideas.es\/en\/wp-json\/wp\/v2\/product\/53703","targetHints":{"allow":["GET"]}}],"collection":[{"href":"https:\/\/imprimeideas.es\/en\/wp-json\/wp\/v2\/product"}],"about":[{"href":"https:\/\/imprimeideas.es\/en\/wp-json\/wp\/v2\/types\/product"}],"replies":[{"embeddable":true,"href":"https:\/\/imprimeideas.es\/en\/wp-json\/wp\/v2\/comments?post=53703"}],"version-history":[{"count":1,"href":"https:\/\/imprimeideas.es\/en\/wp-json\/wp\/v2\/product\/53703\/revisions"}],"predecessor-version":[{"id":58622,"href":"https:\/\/imprimeideas.es\/en\/wp-json\/wp\/v2\/product\/53703\/revisions\/58622"}],"wp:featuredmedia":[{"embeddable":true,"href":"https:\/\/imprimeideas.es\/en\/wp-json\/wp\/v2\/media\/58853"}],"wp:attachment":[{"href":"https:\/\/imprimeideas.es\/en\/wp-json\/wp\/v2\/media?parent=53703"}],"wp:term":[{"taxonomy":"product_brand","embeddable":true,"href":"https:\/\/imprimeideas.es\/en\/wp-json\/wp\/v2\/product_brand?post=53703"},{"taxonomy":"product_cat","embeddable":true,"href":"https:\/\/imprimeideas.es\/en\/wp-json\/wp\/v2\/product_cat?post=53703"},{"taxonomy":"product_tag","embeddable":true,"href":"https:\/\/imprimeideas.es\/en\/wp-json\/wp\/v2\/product_tag?post=53703"}],"curies":[{"name":"wp","href":"https:\/\/api.w.org\/{rel}","templated":true}]}}