{"id":53701,"date":"2026-02-24T12:50:12","date_gmt":"2026-02-24T11:50:12","guid":{"rendered":"https:\/\/imprimeideas.es\/?post_type=product&p=53701"},"modified":"2026-02-26T18:42:30","modified_gmt":"2026-02-26T17:42:30","slug":"soplador-aspirador-logarix","status":"publish","type":"product","link":"https:\/\/imprimeideas.es\/en\/product\/soplador-aspirador-logarix\/","title":{"rendered":"Soplador Aspirador Logarix"},"content":{"rendered":"<p>Soplador Aspirador en ABS de gran potencia. Con bater\u00eda recargable de 4000 mAh, incluye cable de carga tipo C. Con luz LED indicador y bot\u00f3n ON\/OFF.  Incluye diferentes accesorios; &#8211;\tBoquilla larga-\tBoquilla con cepillo-\tBoquilla de soplado grande-\tBoquilla de soplado peque\u00f1aIdeal para el d\u00eda a d\u00eda por sus m\u00faltiples aplicaciones y f\u00e1cil de transportar gracias a su tama\u00f1o compacto.<\/p>","protected":false},"excerpt":{"rendered":"<p>1 Led. 5 Accesorios. 3 Posiciones. Bater\u00eda 4000 mAh<\/p>","protected":false},"featured_media":53767,"comment_status":"open","ping_status":"open","template":"","meta":{"inline_featured_image":false},"product_brand":[],"product_cat":[2157,110,96],"product_tag":[],"class_list":{"0":"post-53701","1":"product","2":"type-product","3":"status-publish","4":"has-post-thumbnail","6":"product_cat-novedades","7":"product_cat-herramientas-brico-y-automovil","8":"product_cat-oficina-y-negocios","10":"first","11":"outofstock","12":"taxable","13":"shipping-taxable","14":"purchasable","15":"product-type-variable","16":"has-default-attributes"},"aioseo_notices":[],"_links":{"self":[{"href":"https:\/\/imprimeideas.es\/en\/wp-json\/wp\/v2\/product\/53701","targetHints":{"allow":["GET"]}}],"collection":[{"href":"https:\/\/imprimeideas.es\/en\/wp-json\/wp\/v2\/product"}],"about":[{"href":"https:\/\/imprimeideas.es\/en\/wp-json\/wp\/v2\/types\/product"}],"replies":[{"embeddable":true,"href":"https:\/\/imprimeideas.es\/en\/wp-json\/wp\/v2\/comments?post=53701"}],"version-history":[{"count":1,"href":"https:\/\/imprimeideas.es\/en\/wp-json\/wp\/v2\/product\/53701\/revisions"}],"predecessor-version":[{"id":58621,"href":"https:\/\/imprimeideas.es\/en\/wp-json\/wp\/v2\/product\/53701\/revisions\/58621"}],"wp:featuredmedia":[{"embeddable":true,"href":"https:\/\/imprimeideas.es\/en\/wp-json\/wp\/v2\/media\/53767"}],"wp:attachment":[{"href":"https:\/\/imprimeideas.es\/en\/wp-json\/wp\/v2\/media?parent=53701"}],"wp:term":[{"taxonomy":"product_brand","embeddable":true,"href":"https:\/\/imprimeideas.es\/en\/wp-json\/wp\/v2\/product_brand?post=53701"},{"taxonomy":"product_cat","embeddable":true,"href":"https:\/\/imprimeideas.es\/en\/wp-json\/wp\/v2\/product_cat?post=53701"},{"taxonomy":"product_tag","embeddable":true,"href":"https:\/\/imprimeideas.es\/en\/wp-json\/wp\/v2\/product_tag?post=53701"}],"curies":[{"name":"wp","href":"https:\/\/api.w.org\/{rel}","templated":true}]}}