{"id":53699,"date":"2026-02-24T12:50:12","date_gmt":"2026-02-24T11:50:12","guid":{"rendered":"https:\/\/imprimeideas.es\/?post_type=product&p=53699"},"modified":"2026-02-26T18:37:31","modified_gmt":"2026-02-26T17:37:31","slug":"bidon-plegable-ferdin","status":"publish","type":"product","link":"https:\/\/imprimeideas.es\/en\/product\/bidon-plegable-ferdin\/","title":{"rendered":"Bid\u00f3n Plegable Ferdin"},"content":{"rendered":"<p>Bid\u00f3n plegable con dise\u00f1o de bal\u00f3n de futbol con capacidad de 550 ml. Incluye anilla met\u00e1lica con mosquet\u00f3n para pr\u00e1ctico transporte. Tapa de rosca con boquilla. Libre de BPA.<\/p>","protected":false},"excerpt":{"rendered":"<p>550 ml<\/p>","protected":false},"featured_media":81463,"comment_status":"open","ping_status":"open","template":"","meta":{"inline_featured_image":false},"product_brand":[],"product_cat":[2157,101,97],"product_tag":[],"class_list":{"0":"post-53699","1":"product","2":"type-product","3":"status-publish","4":"has-post-thumbnail","6":"product_cat-novedades","7":"product_cat-deporte-y-aventura","8":"product_cat-tazas-jarras-y-termos","10":"first","11":"outofstock","12":"taxable","13":"shipping-taxable","14":"purchasable","15":"product-type-variable","16":"has-default-attributes"},"aioseo_notices":[],"_links":{"self":[{"href":"https:\/\/imprimeideas.es\/en\/wp-json\/wp\/v2\/product\/53699","targetHints":{"allow":["GET"]}}],"collection":[{"href":"https:\/\/imprimeideas.es\/en\/wp-json\/wp\/v2\/product"}],"about":[{"href":"https:\/\/imprimeideas.es\/en\/wp-json\/wp\/v2\/types\/product"}],"replies":[{"embeddable":true,"href":"https:\/\/imprimeideas.es\/en\/wp-json\/wp\/v2\/comments?post=53699"}],"version-history":[{"count":1,"href":"https:\/\/imprimeideas.es\/en\/wp-json\/wp\/v2\/product\/53699\/revisions"}],"predecessor-version":[{"id":58620,"href":"https:\/\/imprimeideas.es\/en\/wp-json\/wp\/v2\/product\/53699\/revisions\/58620"}],"wp:featuredmedia":[{"embeddable":true,"href":"https:\/\/imprimeideas.es\/en\/wp-json\/wp\/v2\/media\/81463"}],"wp:attachment":[{"href":"https:\/\/imprimeideas.es\/en\/wp-json\/wp\/v2\/media?parent=53699"}],"wp:term":[{"taxonomy":"product_brand","embeddable":true,"href":"https:\/\/imprimeideas.es\/en\/wp-json\/wp\/v2\/product_brand?post=53699"},{"taxonomy":"product_cat","embeddable":true,"href":"https:\/\/imprimeideas.es\/en\/wp-json\/wp\/v2\/product_cat?post=53699"},{"taxonomy":"product_tag","embeddable":true,"href":"https:\/\/imprimeideas.es\/en\/wp-json\/wp\/v2\/product_tag?post=53699"}],"curies":[{"name":"wp","href":"https:\/\/api.w.org\/{rel}","templated":true}]}}