{"id":53694,"date":"2026-02-24T12:50:11","date_gmt":"2026-02-24T11:50:11","guid":{"rendered":"https:\/\/imprimeideas.es\/?post_type=product&p=53694"},"modified":"2026-02-26T18:32:47","modified_gmt":"2026-02-26T17:32:47","slug":"auriculares-kasyus","status":"publish","type":"product","link":"https:\/\/imprimeideas.es\/en\/product\/auriculares-kasyus\/","title":{"rendered":"Auriculares Kasyus"},"content":{"rendered":"<p>Auriculares con estuche de dise\u00f1o de bal\u00f3n de f\u00fatbol. Con conexi\u00f3n Bluetooth\u00ae 5.3 y 3W de potencia, y bater\u00eda de 200 mAh a trav\u00e9s de cable USB-Tipo C incluido. Incluye asa de sujeci\u00f3n para c\u00f3modo transporte.<\/p>","protected":false},"excerpt":{"rendered":"<p>Conexi\u00f3n Bluetooth. Bater\u00eda 25 mAh\/ Base Carga 200 mAh<\/p>","protected":false},"featured_media":68908,"comment_status":"open","ping_status":"open","template":"","meta":{"inline_featured_image":false},"product_brand":[],"product_cat":[2157,101,95],"product_tag":[],"class_list":{"0":"post-53694","1":"product","2":"type-product","3":"status-publish","4":"has-post-thumbnail","6":"product_cat-novedades","7":"product_cat-deporte-y-aventura","8":"product_cat-tecnologia-y-accesorios","10":"first","11":"outofstock","12":"taxable","13":"shipping-taxable","14":"purchasable","15":"product-type-variable","16":"has-default-attributes"},"aioseo_notices":[],"_links":{"self":[{"href":"https:\/\/imprimeideas.es\/en\/wp-json\/wp\/v2\/product\/53694","targetHints":{"allow":["GET"]}}],"collection":[{"href":"https:\/\/imprimeideas.es\/en\/wp-json\/wp\/v2\/product"}],"about":[{"href":"https:\/\/imprimeideas.es\/en\/wp-json\/wp\/v2\/types\/product"}],"replies":[{"embeddable":true,"href":"https:\/\/imprimeideas.es\/en\/wp-json\/wp\/v2\/comments?post=53694"}],"version-history":[{"count":1,"href":"https:\/\/imprimeideas.es\/en\/wp-json\/wp\/v2\/product\/53694\/revisions"}],"predecessor-version":[{"id":58619,"href":"https:\/\/imprimeideas.es\/en\/wp-json\/wp\/v2\/product\/53694\/revisions\/58619"}],"wp:featuredmedia":[{"embeddable":true,"href":"https:\/\/imprimeideas.es\/en\/wp-json\/wp\/v2\/media\/68908"}],"wp:attachment":[{"href":"https:\/\/imprimeideas.es\/en\/wp-json\/wp\/v2\/media?parent=53694"}],"wp:term":[{"taxonomy":"product_brand","embeddable":true,"href":"https:\/\/imprimeideas.es\/en\/wp-json\/wp\/v2\/product_brand?post=53694"},{"taxonomy":"product_cat","embeddable":true,"href":"https:\/\/imprimeideas.es\/en\/wp-json\/wp\/v2\/product_cat?post=53694"},{"taxonomy":"product_tag","embeddable":true,"href":"https:\/\/imprimeideas.es\/en\/wp-json\/wp\/v2\/product_tag?post=53694"}],"curies":[{"name":"wp","href":"https:\/\/api.w.org\/{rel}","templated":true}]}}