{"id":53692,"date":"2026-02-24T12:50:10","date_gmt":"2026-02-24T11:50:10","guid":{"rendered":"https:\/\/imprimeideas.es\/?post_type=product&p=53692"},"modified":"2026-02-26T18:13:51","modified_gmt":"2026-02-26T17:13:51","slug":"set-yonder","status":"publish","type":"product","link":"https:\/\/imprimeideas.es\/en\/product\/set-yonder\/","title":{"rendered":"Set Yonder"},"content":{"rendered":"<p>Set de bol\u00edgrafo y roller fabricados en Aluminio Reciclado, en elegante dise\u00f1o negro mate con distinguidos accesorios en acabado plateado. Bol\u00edgrafo de mecanismo pulsador y roller con capucha, ambos con clip met\u00e1lico. En tinta azul y logotipo de Aluminio Reciclado. Presentaci\u00f3n en elegante estuche negro.<\/p>","protected":false},"excerpt":{"rendered":"<p>Bol\u00edgrafo y Roller<\/p>","protected":false},"featured_media":85959,"comment_status":"open","ping_status":"open","template":"","meta":{"inline_featured_image":false},"product_brand":[],"product_cat":[2157,100],"product_tag":[],"class_list":{"0":"post-53692","1":"product","2":"type-product","3":"status-publish","4":"has-post-thumbnail","6":"product_cat-novedades","7":"product_cat-escritura","9":"first","10":"outofstock","11":"taxable","12":"shipping-taxable","13":"purchasable","14":"product-type-variable","15":"has-default-attributes"},"aioseo_notices":[],"_links":{"self":[{"href":"https:\/\/imprimeideas.es\/en\/wp-json\/wp\/v2\/product\/53692","targetHints":{"allow":["GET"]}}],"collection":[{"href":"https:\/\/imprimeideas.es\/en\/wp-json\/wp\/v2\/product"}],"about":[{"href":"https:\/\/imprimeideas.es\/en\/wp-json\/wp\/v2\/types\/product"}],"replies":[{"embeddable":true,"href":"https:\/\/imprimeideas.es\/en\/wp-json\/wp\/v2\/comments?post=53692"}],"version-history":[{"count":1,"href":"https:\/\/imprimeideas.es\/en\/wp-json\/wp\/v2\/product\/53692\/revisions"}],"predecessor-version":[{"id":58672,"href":"https:\/\/imprimeideas.es\/en\/wp-json\/wp\/v2\/product\/53692\/revisions\/58672"}],"wp:featuredmedia":[{"embeddable":true,"href":"https:\/\/imprimeideas.es\/en\/wp-json\/wp\/v2\/media\/85959"}],"wp:attachment":[{"href":"https:\/\/imprimeideas.es\/en\/wp-json\/wp\/v2\/media?parent=53692"}],"wp:term":[{"taxonomy":"product_brand","embeddable":true,"href":"https:\/\/imprimeideas.es\/en\/wp-json\/wp\/v2\/product_brand?post=53692"},{"taxonomy":"product_cat","embeddable":true,"href":"https:\/\/imprimeideas.es\/en\/wp-json\/wp\/v2\/product_cat?post=53692"},{"taxonomy":"product_tag","embeddable":true,"href":"https:\/\/imprimeideas.es\/en\/wp-json\/wp\/v2\/product_tag?post=53692"}],"curies":[{"name":"wp","href":"https:\/\/api.w.org\/{rel}","templated":true}]}}