{"id":53690,"date":"2026-02-24T12:50:10","date_gmt":"2026-02-24T11:50:10","guid":{"rendered":"https:\/\/imprimeideas.es\/?post_type=product&p=53690"},"modified":"2026-02-26T18:28:09","modified_gmt":"2026-02-26T17:28:09","slug":"lampara-juliett","status":"publish","type":"product","link":"https:\/\/imprimeideas.es\/en\/product\/lampara-juliett\/","title":{"rendered":"L\u00e1mpara Juliett"},"content":{"rendered":"<p>Lampara con original dise\u00f1o de bombilla con cuerpo en ABS. Bater\u00eda de 300 mAh  y carga solar. Dispone de sensor nocturno que se activa autom\u00e1ticamente al no recibir luz solar. Dispone de carga a trav\u00e9s de cable Tipo C, adem\u00e1s de incluir mosquet\u00f3n para f\u00e1cil transporte.<\/p>","protected":false},"excerpt":{"rendered":"<p>Carga Solar. Sensor Nocturno. Bater\u00eda 300 mAh<\/p>","protected":false},"featured_media":79078,"comment_status":"open","ping_status":"open","template":"","meta":{"inline_featured_image":false},"product_brand":[],"product_cat":[2157,101,110,106],"product_tag":[],"class_list":{"0":"post-53690","1":"product","2":"type-product","3":"status-publish","4":"has-post-thumbnail","6":"product_cat-novedades","7":"product_cat-deporte-y-aventura","8":"product_cat-herramientas-brico-y-automovil","9":"product_cat-regalos-y-premiums","11":"first","12":"outofstock","13":"taxable","14":"shipping-taxable","15":"purchasable","16":"product-type-variable","17":"has-default-attributes"},"aioseo_notices":[],"_links":{"self":[{"href":"https:\/\/imprimeideas.es\/en\/wp-json\/wp\/v2\/product\/53690","targetHints":{"allow":["GET"]}}],"collection":[{"href":"https:\/\/imprimeideas.es\/en\/wp-json\/wp\/v2\/product"}],"about":[{"href":"https:\/\/imprimeideas.es\/en\/wp-json\/wp\/v2\/types\/product"}],"replies":[{"embeddable":true,"href":"https:\/\/imprimeideas.es\/en\/wp-json\/wp\/v2\/comments?post=53690"}],"version-history":[{"count":1,"href":"https:\/\/imprimeideas.es\/en\/wp-json\/wp\/v2\/product\/53690\/revisions"}],"predecessor-version":[{"id":58618,"href":"https:\/\/imprimeideas.es\/en\/wp-json\/wp\/v2\/product\/53690\/revisions\/58618"}],"wp:featuredmedia":[{"embeddable":true,"href":"https:\/\/imprimeideas.es\/en\/wp-json\/wp\/v2\/media\/79078"}],"wp:attachment":[{"href":"https:\/\/imprimeideas.es\/en\/wp-json\/wp\/v2\/media?parent=53690"}],"wp:term":[{"taxonomy":"product_brand","embeddable":true,"href":"https:\/\/imprimeideas.es\/en\/wp-json\/wp\/v2\/product_brand?post=53690"},{"taxonomy":"product_cat","embeddable":true,"href":"https:\/\/imprimeideas.es\/en\/wp-json\/wp\/v2\/product_cat?post=53690"},{"taxonomy":"product_tag","embeddable":true,"href":"https:\/\/imprimeideas.es\/en\/wp-json\/wp\/v2\/product_tag?post=53690"}],"curies":[{"name":"wp","href":"https:\/\/api.w.org\/{rel}","templated":true}]}}