{"id":53615,"date":"2026-02-24T12:49:58","date_gmt":"2026-02-24T11:49:58","guid":{"rendered":"https:\/\/imprimeideas.es\/?post_type=product&p=53615"},"modified":"2026-02-26T18:33:05","modified_gmt":"2026-02-26T17:33:05","slug":"boligrafo-puntero-turbom","status":"publish","type":"product","link":"https:\/\/imprimeideas.es\/en\/product\/boligrafo-puntero-turbom\/","title":{"rendered":"Bol\u00edgrafo Puntero Turbom"},"content":{"rendered":"<p>Bol\u00edgrafo puntero con cuerpo en Aluminio reciclado. Empu\u00f1adura de acabado gomoso. En la parte superior tiene un puntero negro. Clip met\u00e1lico y accesorios en negros. En tinta azul.Distintivo aluminio reciclado en la parte superior del bol\u00edgrafo.<\/p>","protected":false},"excerpt":{"rendered":"<p>Carga Jumbo<\/p>","protected":false},"featured_media":62841,"comment_status":"open","ping_status":"open","template":"","meta":{"inline_featured_image":false},"product_brand":[],"product_cat":[2157,100],"product_tag":[],"class_list":{"0":"post-53615","1":"product","2":"type-product","3":"status-publish","4":"has-post-thumbnail","6":"product_cat-novedades","7":"product_cat-escritura","9":"first","10":"outofstock","11":"taxable","12":"shipping-taxable","13":"purchasable","14":"product-type-variable","15":"has-default-attributes"},"aioseo_notices":[],"_links":{"self":[{"href":"https:\/\/imprimeideas.es\/en\/wp-json\/wp\/v2\/product\/53615","targetHints":{"allow":["GET"]}}],"collection":[{"href":"https:\/\/imprimeideas.es\/en\/wp-json\/wp\/v2\/product"}],"about":[{"href":"https:\/\/imprimeideas.es\/en\/wp-json\/wp\/v2\/types\/product"}],"replies":[{"embeddable":true,"href":"https:\/\/imprimeideas.es\/en\/wp-json\/wp\/v2\/comments?post=53615"}],"version-history":[{"count":1,"href":"https:\/\/imprimeideas.es\/en\/wp-json\/wp\/v2\/product\/53615\/revisions"}],"predecessor-version":[{"id":58663,"href":"https:\/\/imprimeideas.es\/en\/wp-json\/wp\/v2\/product\/53615\/revisions\/58663"}],"wp:featuredmedia":[{"embeddable":true,"href":"https:\/\/imprimeideas.es\/en\/wp-json\/wp\/v2\/media\/62841"}],"wp:attachment":[{"href":"https:\/\/imprimeideas.es\/en\/wp-json\/wp\/v2\/media?parent=53615"}],"wp:term":[{"taxonomy":"product_brand","embeddable":true,"href":"https:\/\/imprimeideas.es\/en\/wp-json\/wp\/v2\/product_brand?post=53615"},{"taxonomy":"product_cat","embeddable":true,"href":"https:\/\/imprimeideas.es\/en\/wp-json\/wp\/v2\/product_cat?post=53615"},{"taxonomy":"product_tag","embeddable":true,"href":"https:\/\/imprimeideas.es\/en\/wp-json\/wp\/v2\/product_tag?post=53615"}],"curies":[{"name":"wp","href":"https:\/\/api.w.org\/{rel}","templated":true}]}}