{"id":53602,"date":"2026-02-24T12:49:57","date_gmt":"2026-02-24T11:49:57","guid":{"rendered":"https:\/\/imprimeideas.es\/?post_type=product&p=53602"},"modified":"2026-02-26T18:08:18","modified_gmt":"2026-02-26T17:08:18","slug":"llavero-gidyon","status":"publish","type":"product","link":"https:\/\/imprimeideas.es\/en\/product\/llavero-gidyon\/","title":{"rendered":"Llavero Gidyon"},"content":{"rendered":"<p>Elegante llavero con cord\u00f3n de polyester. Incluye pieza central metalizada, especialmente dise\u00f1ada para marcaje en l\u00e1ser con efecto espejo.<\/p>","protected":false},"excerpt":{"rendered":"<p>Elegante llavero con cord\u00f3n de polyester. Incluye pieza central metalizada, especialmente dise\u00f1ada para marcaje en l\u00e1ser con efecto espejo.<\/p>","protected":false},"featured_media":80196,"comment_status":"open","ping_status":"open","template":"","meta":{"inline_featured_image":false},"product_brand":[],"product_cat":[2157,106],"product_tag":[],"class_list":{"0":"post-53602","1":"product","2":"type-product","3":"status-publish","4":"has-post-thumbnail","6":"product_cat-novedades","7":"product_cat-regalos-y-premiums","9":"first","10":"outofstock","11":"taxable","12":"shipping-taxable","13":"purchasable","14":"product-type-variable","15":"has-default-attributes"},"aioseo_notices":[],"_links":{"self":[{"href":"https:\/\/imprimeideas.es\/en\/wp-json\/wp\/v2\/product\/53602","targetHints":{"allow":["GET"]}}],"collection":[{"href":"https:\/\/imprimeideas.es\/en\/wp-json\/wp\/v2\/product"}],"about":[{"href":"https:\/\/imprimeideas.es\/en\/wp-json\/wp\/v2\/types\/product"}],"replies":[{"embeddable":true,"href":"https:\/\/imprimeideas.es\/en\/wp-json\/wp\/v2\/comments?post=53602"}],"version-history":[{"count":1,"href":"https:\/\/imprimeideas.es\/en\/wp-json\/wp\/v2\/product\/53602\/revisions"}],"predecessor-version":[{"id":58609,"href":"https:\/\/imprimeideas.es\/en\/wp-json\/wp\/v2\/product\/53602\/revisions\/58609"}],"wp:featuredmedia":[{"embeddable":true,"href":"https:\/\/imprimeideas.es\/en\/wp-json\/wp\/v2\/media\/80196"}],"wp:attachment":[{"href":"https:\/\/imprimeideas.es\/en\/wp-json\/wp\/v2\/media?parent=53602"}],"wp:term":[{"taxonomy":"product_brand","embeddable":true,"href":"https:\/\/imprimeideas.es\/en\/wp-json\/wp\/v2\/product_brand?post=53602"},{"taxonomy":"product_cat","embeddable":true,"href":"https:\/\/imprimeideas.es\/en\/wp-json\/wp\/v2\/product_cat?post=53602"},{"taxonomy":"product_tag","embeddable":true,"href":"https:\/\/imprimeideas.es\/en\/wp-json\/wp\/v2\/product_tag?post=53602"}],"curies":[{"name":"wp","href":"https:\/\/api.w.org\/{rel}","templated":true}]}}