{"id":53600,"date":"2026-02-24T12:49:56","date_gmt":"2026-02-24T11:49:56","guid":{"rendered":"https:\/\/imprimeideas.es\/?post_type=product&p=53600"},"modified":"2026-02-26T18:23:11","modified_gmt":"2026-02-26T17:23:11","slug":"set-forar","status":"publish","type":"product","link":"https:\/\/imprimeideas.es\/en\/product\/set-forar\/","title":{"rendered":"Set Forar"},"content":{"rendered":"<p>Set de bloc de notas, bol\u00edgrafo y taza . Incluye:- Bloc de notas de tapas r\u00edgidas, de corche y PU, marcap\u00e1ginas de tela y el\u00e1stico de sujeci\u00f3n a juego. 80 hojas interiores con disposici\u00f3n a una raya.- Bol\u00edgrafo con cuerpo recubierto en corcho y aluminio. Elegante clip y accesorios a juego, de mecanismo pulsador y en tinta azul.- Taza de cer\u00e1mica con capacidad de 330ml, con dise\u00f1o de base en corcho. Incluye tapa con boquilla deslizante.<\/p>","protected":false},"excerpt":{"rendered":"<p>Taza Cer\u00e1mica\/ Corcho, 330 ml. Bloc PU\/ Corcho, Portada R\u00edgida, 80 Hojas. Bol\u00edgrafo Aluminio\/ Corcho<\/p>","protected":false},"featured_media":73556,"comment_status":"open","ping_status":"open","template":"","meta":{"inline_featured_image":false},"product_brand":[],"product_cat":[2157,106],"product_tag":[],"class_list":{"0":"post-53600","1":"product","2":"type-product","3":"status-publish","4":"has-post-thumbnail","6":"product_cat-novedades","7":"product_cat-regalos-y-premiums","9":"first","10":"outofstock","11":"taxable","12":"shipping-taxable","13":"purchasable","14":"product-type-variable","15":"has-default-attributes"},"aioseo_notices":[],"_links":{"self":[{"href":"https:\/\/imprimeideas.es\/en\/wp-json\/wp\/v2\/product\/53600","targetHints":{"allow":["GET"]}}],"collection":[{"href":"https:\/\/imprimeideas.es\/en\/wp-json\/wp\/v2\/product"}],"about":[{"href":"https:\/\/imprimeideas.es\/en\/wp-json\/wp\/v2\/types\/product"}],"replies":[{"embeddable":true,"href":"https:\/\/imprimeideas.es\/en\/wp-json\/wp\/v2\/comments?post=53600"}],"version-history":[{"count":1,"href":"https:\/\/imprimeideas.es\/en\/wp-json\/wp\/v2\/product\/53600\/revisions"}],"predecessor-version":[{"id":58658,"href":"https:\/\/imprimeideas.es\/en\/wp-json\/wp\/v2\/product\/53600\/revisions\/58658"}],"wp:featuredmedia":[{"embeddable":true,"href":"https:\/\/imprimeideas.es\/en\/wp-json\/wp\/v2\/media\/73556"}],"wp:attachment":[{"href":"https:\/\/imprimeideas.es\/en\/wp-json\/wp\/v2\/media?parent=53600"}],"wp:term":[{"taxonomy":"product_brand","embeddable":true,"href":"https:\/\/imprimeideas.es\/en\/wp-json\/wp\/v2\/product_brand?post=53600"},{"taxonomy":"product_cat","embeddable":true,"href":"https:\/\/imprimeideas.es\/en\/wp-json\/wp\/v2\/product_cat?post=53600"},{"taxonomy":"product_tag","embeddable":true,"href":"https:\/\/imprimeideas.es\/en\/wp-json\/wp\/v2\/product_tag?post=53600"}],"curies":[{"name":"wp","href":"https:\/\/api.w.org\/{rel}","templated":true}]}}