{"id":53598,"date":"2026-02-24T12:49:56","date_gmt":"2026-02-24T11:49:56","guid":{"rendered":"https:\/\/imprimeideas.es\/?post_type=product&p=53598"},"modified":"2026-02-26T18:33:04","modified_gmt":"2026-02-26T17:33:04","slug":"set-gravan","status":"publish","type":"product","link":"https:\/\/imprimeideas.es\/en\/product\/set-gravan\/","title":{"rendered":"Set Gravan"},"content":{"rendered":"<p>Set de bloc de notas, bol\u00edgrafo y bid\u00f3n t\u00e9rmico . Incluye:- Bloc de notas de tapas r\u00edgidas, de corcho y poli\u00e9ster 300D RPET, marcap\u00e1ginas de tela y el\u00e1stico de sujeci\u00f3n a juego. 80 hojas interiores a rayas. &#8211; Bol\u00edgrafo con cuerpo recubierto en corcho y aluminio. Elegante clip y accesorios a juego, de mecanismo pulsador y en tinta azul. &#8211; Bid\u00f3n t\u00e9rmico de Acero Inox Reciclado con capacidad de 500ml, con dise\u00f1o de base en corcho. Tap\u00f3n a rosca. Con distintivo logotipo de Acero Inox Reciclado.<\/p>","protected":false},"excerpt":{"rendered":"<p>Bid\u00f3n T\u00e9rmico Acero Inox Reciclado\/ Corcho, 500 ml. Bloc Poli\u00e9ster 300D RPET\/ Corcho, Portada R\u00edgida, 80 Hojas. Bol\u00edgrafo Aluminio Reciclado\/ Corcho<\/p>","protected":false},"featured_media":71495,"comment_status":"open","ping_status":"open","template":"","meta":{"inline_featured_image":false},"product_brand":[],"product_cat":[106],"product_tag":[],"class_list":{"0":"post-53598","1":"product","2":"type-product","3":"status-publish","4":"has-post-thumbnail","6":"product_cat-regalos-y-premiums","8":"first","9":"outofstock","10":"taxable","11":"shipping-taxable","12":"purchasable","13":"product-type-variable","14":"has-default-attributes"},"aioseo_notices":[],"_links":{"self":[{"href":"https:\/\/imprimeideas.es\/en\/wp-json\/wp\/v2\/product\/53598","targetHints":{"allow":["GET"]}}],"collection":[{"href":"https:\/\/imprimeideas.es\/en\/wp-json\/wp\/v2\/product"}],"about":[{"href":"https:\/\/imprimeideas.es\/en\/wp-json\/wp\/v2\/types\/product"}],"replies":[{"embeddable":true,"href":"https:\/\/imprimeideas.es\/en\/wp-json\/wp\/v2\/comments?post=53598"}],"version-history":[{"count":1,"href":"https:\/\/imprimeideas.es\/en\/wp-json\/wp\/v2\/product\/53598\/revisions"}],"predecessor-version":[{"id":58659,"href":"https:\/\/imprimeideas.es\/en\/wp-json\/wp\/v2\/product\/53598\/revisions\/58659"}],"wp:featuredmedia":[{"embeddable":true,"href":"https:\/\/imprimeideas.es\/en\/wp-json\/wp\/v2\/media\/71495"}],"wp:attachment":[{"href":"https:\/\/imprimeideas.es\/en\/wp-json\/wp\/v2\/media?parent=53598"}],"wp:term":[{"taxonomy":"product_brand","embeddable":true,"href":"https:\/\/imprimeideas.es\/en\/wp-json\/wp\/v2\/product_brand?post=53598"},{"taxonomy":"product_cat","embeddable":true,"href":"https:\/\/imprimeideas.es\/en\/wp-json\/wp\/v2\/product_cat?post=53598"},{"taxonomy":"product_tag","embeddable":true,"href":"https:\/\/imprimeideas.es\/en\/wp-json\/wp\/v2\/product_tag?post=53598"}],"curies":[{"name":"wp","href":"https:\/\/api.w.org\/{rel}","templated":true}]}}