{"id":53594,"date":"2026-02-24T12:49:55","date_gmt":"2026-02-24T11:49:55","guid":{"rendered":"https:\/\/imprimeideas.es\/?post_type=product&p=53594"},"modified":"2026-02-26T18:42:28","modified_gmt":"2026-02-26T17:42:28","slug":"bloc-notas-glimmer","status":"publish","type":"product","link":"https:\/\/imprimeideas.es\/en\/product\/bloc-notas-glimmer\/","title":{"rendered":"Bloc Notas Glimmer"},"content":{"rendered":"<p>Bloc de notas con tapas r\u00edgidas fabricadas en polipiel reciclada.  En contraportada incluye pr\u00e1cticos bolsillos de almacenamiento. Interior con 50 hojas de disposici\u00f3n a rayas. Con distintivo Polipiel Reciclada.<\/p>","protected":false},"excerpt":{"rendered":"<p>Portada R\u00edgida. 50 Hojas<\/p>","protected":false},"featured_media":84844,"comment_status":"open","ping_status":"open","template":"","meta":{"inline_featured_image":false},"product_brand":[],"product_cat":[2157,96],"product_tag":[],"class_list":{"0":"post-53594","1":"product","2":"type-product","3":"status-publish","4":"has-post-thumbnail","6":"product_cat-novedades","7":"product_cat-oficina-y-negocios","9":"first","10":"outofstock","11":"taxable","12":"shipping-taxable","13":"purchasable","14":"product-type-variable","15":"has-default-attributes"},"aioseo_notices":[],"_links":{"self":[{"href":"https:\/\/imprimeideas.es\/en\/wp-json\/wp\/v2\/product\/53594","targetHints":{"allow":["GET"]}}],"collection":[{"href":"https:\/\/imprimeideas.es\/en\/wp-json\/wp\/v2\/product"}],"about":[{"href":"https:\/\/imprimeideas.es\/en\/wp-json\/wp\/v2\/types\/product"}],"replies":[{"embeddable":true,"href":"https:\/\/imprimeideas.es\/en\/wp-json\/wp\/v2\/comments?post=53594"}],"version-history":[{"count":1,"href":"https:\/\/imprimeideas.es\/en\/wp-json\/wp\/v2\/product\/53594\/revisions"}],"predecessor-version":[{"id":58657,"href":"https:\/\/imprimeideas.es\/en\/wp-json\/wp\/v2\/product\/53594\/revisions\/58657"}],"wp:featuredmedia":[{"embeddable":true,"href":"https:\/\/imprimeideas.es\/en\/wp-json\/wp\/v2\/media\/84844"}],"wp:attachment":[{"href":"https:\/\/imprimeideas.es\/en\/wp-json\/wp\/v2\/media?parent=53594"}],"wp:term":[{"taxonomy":"product_brand","embeddable":true,"href":"https:\/\/imprimeideas.es\/en\/wp-json\/wp\/v2\/product_brand?post=53594"},{"taxonomy":"product_cat","embeddable":true,"href":"https:\/\/imprimeideas.es\/en\/wp-json\/wp\/v2\/product_cat?post=53594"},{"taxonomy":"product_tag","embeddable":true,"href":"https:\/\/imprimeideas.es\/en\/wp-json\/wp\/v2\/product_tag?post=53594"}],"curies":[{"name":"wp","href":"https:\/\/api.w.org\/{rel}","templated":true}]}}