{"id":53578,"date":"2026-02-24T12:49:53","date_gmt":"2026-02-24T11:49:53","guid":{"rendered":"https:\/\/imprimeideas.es\/?post_type=product&p=53578"},"modified":"2026-02-26T18:28:06","modified_gmt":"2026-02-26T17:28:06","slug":"abridor-auryel","status":"publish","type":"product","link":"https:\/\/imprimeideas.es\/en\/product\/abridor-auryel\/","title":{"rendered":"Abridor Auryel"},"content":{"rendered":"<p>Abridor de Acero con acabado met\u00e1lico brillante. Un extremo con abridor de botellas y en el extremo opuesto con orificio circular unido a trav\u00e9s de cierre a presi\u00f3n a un soporte retr\u00e1ctil de 65 cm con clip. Pr\u00e1ctico y funcional, permite llevarlo colgado para evitar p\u00e9rdidas. Su cierre desmontable ofrece la opci\u00f3n de usar \u00fanicamente el abridor o de engancharlo por separado a un lanyard.<\/p>","protected":false},"excerpt":{"rendered":"<p>Soporte Extensible<\/p>","protected":false},"featured_media":69373,"comment_status":"open","ping_status":"open","template":"","meta":{"inline_featured_image":false},"product_brand":[],"product_cat":[2157,105],"product_tag":[],"class_list":{"0":"post-53578","1":"product","2":"type-product","3":"status-publish","4":"has-post-thumbnail","6":"product_cat-novedades","7":"product_cat-vino-accesorios-de-bebida-y-hosteleria","9":"first","10":"outofstock","11":"taxable","12":"shipping-taxable","13":"purchasable","14":"product-type-variable","15":"has-default-attributes"},"aioseo_notices":[],"_links":{"self":[{"href":"https:\/\/imprimeideas.es\/en\/wp-json\/wp\/v2\/product\/53578","targetHints":{"allow":["GET"]}}],"collection":[{"href":"https:\/\/imprimeideas.es\/en\/wp-json\/wp\/v2\/product"}],"about":[{"href":"https:\/\/imprimeideas.es\/en\/wp-json\/wp\/v2\/types\/product"}],"replies":[{"embeddable":true,"href":"https:\/\/imprimeideas.es\/en\/wp-json\/wp\/v2\/comments?post=53578"}],"version-history":[{"count":1,"href":"https:\/\/imprimeideas.es\/en\/wp-json\/wp\/v2\/product\/53578\/revisions"}],"predecessor-version":[{"id":58608,"href":"https:\/\/imprimeideas.es\/en\/wp-json\/wp\/v2\/product\/53578\/revisions\/58608"}],"wp:featuredmedia":[{"embeddable":true,"href":"https:\/\/imprimeideas.es\/en\/wp-json\/wp\/v2\/media\/69373"}],"wp:attachment":[{"href":"https:\/\/imprimeideas.es\/en\/wp-json\/wp\/v2\/media?parent=53578"}],"wp:term":[{"taxonomy":"product_brand","embeddable":true,"href":"https:\/\/imprimeideas.es\/en\/wp-json\/wp\/v2\/product_brand?post=53578"},{"taxonomy":"product_cat","embeddable":true,"href":"https:\/\/imprimeideas.es\/en\/wp-json\/wp\/v2\/product_cat?post=53578"},{"taxonomy":"product_tag","embeddable":true,"href":"https:\/\/imprimeideas.es\/en\/wp-json\/wp\/v2\/product_tag?post=53578"}],"curies":[{"name":"wp","href":"https:\/\/api.w.org\/{rel}","templated":true}]}}