{"id":53560,"date":"2026-02-24T12:49:50","date_gmt":"2026-02-24T11:49:50","guid":{"rendered":"https:\/\/imprimeideas.es\/?post_type=product&p=53560"},"modified":"2026-02-26T18:37:30","modified_gmt":"2026-02-26T17:37:30","slug":"cargador-sunder","status":"publish","type":"product","link":"https:\/\/imprimeideas.es\/en\/product\/cargador-sunder\/","title":{"rendered":"Cargador Sunder"},"content":{"rendered":"<p>Cargador inal\u00e1mbrico magn\u00e9tico 3 en 1 de 15W, fabricado en ABS. Dise\u00f1ado para la carga simult\u00e1nea del smartphone, auriculares y smartwatch y de tama\u00f1o ultra compacto. Un gadget todo en uno: plegable, port\u00e1til, muy vers\u00e1til y de dise\u00f1o funcional. Conexi\u00f3n por usb Tipo C -cable incluido-.<\/p>","protected":false},"excerpt":{"rendered":"<p>Inal\u00e1mbrico 15W. Magn\u00e9tico<\/p>","protected":false},"featured_media":78951,"comment_status":"open","ping_status":"open","template":"","meta":{"inline_featured_image":false},"product_brand":[],"product_cat":[2157,95],"product_tag":[],"class_list":{"0":"post-53560","1":"product","2":"type-product","3":"status-publish","4":"has-post-thumbnail","6":"product_cat-novedades","7":"product_cat-tecnologia-y-accesorios","9":"first","10":"outofstock","11":"taxable","12":"shipping-taxable","13":"purchasable","14":"product-type-variable","15":"has-default-attributes"},"aioseo_notices":[],"_links":{"self":[{"href":"https:\/\/imprimeideas.es\/en\/wp-json\/wp\/v2\/product\/53560","targetHints":{"allow":["GET"]}}],"collection":[{"href":"https:\/\/imprimeideas.es\/en\/wp-json\/wp\/v2\/product"}],"about":[{"href":"https:\/\/imprimeideas.es\/en\/wp-json\/wp\/v2\/types\/product"}],"replies":[{"embeddable":true,"href":"https:\/\/imprimeideas.es\/en\/wp-json\/wp\/v2\/comments?post=53560"}],"version-history":[{"count":1,"href":"https:\/\/imprimeideas.es\/en\/wp-json\/wp\/v2\/product\/53560\/revisions"}],"predecessor-version":[{"id":58653,"href":"https:\/\/imprimeideas.es\/en\/wp-json\/wp\/v2\/product\/53560\/revisions\/58653"}],"wp:featuredmedia":[{"embeddable":true,"href":"https:\/\/imprimeideas.es\/en\/wp-json\/wp\/v2\/media\/78951"}],"wp:attachment":[{"href":"https:\/\/imprimeideas.es\/en\/wp-json\/wp\/v2\/media?parent=53560"}],"wp:term":[{"taxonomy":"product_brand","embeddable":true,"href":"https:\/\/imprimeideas.es\/en\/wp-json\/wp\/v2\/product_brand?post=53560"},{"taxonomy":"product_cat","embeddable":true,"href":"https:\/\/imprimeideas.es\/en\/wp-json\/wp\/v2\/product_cat?post=53560"},{"taxonomy":"product_tag","embeddable":true,"href":"https:\/\/imprimeideas.es\/en\/wp-json\/wp\/v2\/product_tag?post=53560"}],"curies":[{"name":"wp","href":"https:\/\/api.w.org\/{rel}","templated":true}]}}