{"id":53557,"date":"2026-02-24T12:49:50","date_gmt":"2026-02-24T11:49:50","guid":{"rendered":"https:\/\/imprimeideas.es\/?post_type=product&p=53557"},"modified":"2026-02-26T18:08:24","modified_gmt":"2026-02-26T17:08:24","slug":"altavoz-matjoy","status":"publish","type":"product","link":"https:\/\/imprimeideas.es\/en\/product\/altavoz-matjoy\/","title":{"rendered":"Altavoz Matjoy"},"content":{"rendered":"<p>Altavoz est\u00e9reo de dise\u00f1o Bluetooth\u00ae de 5W en ABS reciclado (RABS). Con conexi\u00f3n Bluetooth\u00ae 5.3 y 5W de potencia, y bater\u00eda de 1200 mAh a trav\u00e9s de cable USB-Tipo C incluido. Con bot\u00f3n de ON\/OFF y controles de volumen. Dispone de una asa de transporte con dise\u00f1o retro. Incluye distintivo logotipo de RABS.<\/p>","protected":false},"excerpt":{"rendered":"<p>Conexi\u00f3n Bluetooth. Potencia Sonido 5W. Bater\u00eda 1200 mAh<\/p>","protected":false},"featured_media":61133,"comment_status":"open","ping_status":"open","template":"","meta":{"inline_featured_image":false},"product_brand":[],"product_cat":[2157,95],"product_tag":[],"class_list":{"0":"post-53557","1":"product","2":"type-product","3":"status-publish","4":"has-post-thumbnail","6":"product_cat-novedades","7":"product_cat-tecnologia-y-accesorios","9":"first","10":"outofstock","11":"taxable","12":"shipping-taxable","13":"purchasable","14":"product-type-variable","15":"has-default-attributes"},"aioseo_notices":[],"_links":{"self":[{"href":"https:\/\/imprimeideas.es\/en\/wp-json\/wp\/v2\/product\/53557","targetHints":{"allow":["GET"]}}],"collection":[{"href":"https:\/\/imprimeideas.es\/en\/wp-json\/wp\/v2\/product"}],"about":[{"href":"https:\/\/imprimeideas.es\/en\/wp-json\/wp\/v2\/types\/product"}],"replies":[{"embeddable":true,"href":"https:\/\/imprimeideas.es\/en\/wp-json\/wp\/v2\/comments?post=53557"}],"version-history":[{"count":1,"href":"https:\/\/imprimeideas.es\/en\/wp-json\/wp\/v2\/product\/53557\/revisions"}],"predecessor-version":[{"id":58630,"href":"https:\/\/imprimeideas.es\/en\/wp-json\/wp\/v2\/product\/53557\/revisions\/58630"}],"wp:featuredmedia":[{"embeddable":true,"href":"https:\/\/imprimeideas.es\/en\/wp-json\/wp\/v2\/media\/61133"}],"wp:attachment":[{"href":"https:\/\/imprimeideas.es\/en\/wp-json\/wp\/v2\/media?parent=53557"}],"wp:term":[{"taxonomy":"product_brand","embeddable":true,"href":"https:\/\/imprimeideas.es\/en\/wp-json\/wp\/v2\/product_brand?post=53557"},{"taxonomy":"product_cat","embeddable":true,"href":"https:\/\/imprimeideas.es\/en\/wp-json\/wp\/v2\/product_cat?post=53557"},{"taxonomy":"product_tag","embeddable":true,"href":"https:\/\/imprimeideas.es\/en\/wp-json\/wp\/v2\/product_tag?post=53557"}],"curies":[{"name":"wp","href":"https:\/\/api.w.org\/{rel}","templated":true}]}}