{"id":53544,"date":"2026-02-24T12:49:48","date_gmt":"2026-02-24T11:49:48","guid":{"rendered":"https:\/\/imprimeideas.es\/?post_type=product&p=53544"},"modified":"2026-02-26T18:08:25","modified_gmt":"2026-02-26T17:08:25","slug":"anillo-de-luz-ventilador-tangix","status":"publish","type":"product","link":"https:\/\/imprimeideas.es\/en\/product\/anillo-de-luz-ventilador-tangix\/","title":{"rendered":"Anillo de Luz Ventilador Tangix"},"content":{"rendered":"<p>Anillo de luz con ventilador fabricado en resistente ABS con acabado mate. Incluye soporte magn\u00e9tico multiposici\u00f3n extensible para smartphone. Ventilador con 3 velocidades con opci\u00f3n a cambio a trav\u00e9s de bot\u00f3n.  El anillo de luz cuenta con 16 LEDs con opci\u00f3n a  3 niveles de intensidad de luz.  Incluye bot\u00f3n de encendido y apagado, control de luz y velocidad. Bater\u00eda de 500mAh recargable por cable de carga tipo C incluido, 5V.<\/p>","protected":false},"excerpt":{"rendered":"<p>3 Posiciones de Velocidad. Magn\u00e9tico. Extensible. 16 Ledes. 3 Posiciones de Luz. Bater\u00eda 500 mAh<\/p>","protected":false},"featured_media":75458,"comment_status":"open","ping_status":"open","template":"","meta":{"inline_featured_image":false},"product_brand":[],"product_cat":[2157,95,114],"product_tag":[],"class_list":{"0":"post-53544","1":"product","2":"type-product","3":"status-publish","4":"has-post-thumbnail","6":"product_cat-novedades","7":"product_cat-tecnologia-y-accesorios","8":"product_cat-verano-y-playa","10":"first","11":"outofstock","12":"taxable","13":"shipping-taxable","14":"purchasable","15":"product-type-variable","16":"has-default-attributes"},"aioseo_notices":[],"_links":{"self":[{"href":"https:\/\/imprimeideas.es\/en\/wp-json\/wp\/v2\/product\/53544","targetHints":{"allow":["GET"]}}],"collection":[{"href":"https:\/\/imprimeideas.es\/en\/wp-json\/wp\/v2\/product"}],"about":[{"href":"https:\/\/imprimeideas.es\/en\/wp-json\/wp\/v2\/types\/product"}],"replies":[{"embeddable":true,"href":"https:\/\/imprimeideas.es\/en\/wp-json\/wp\/v2\/comments?post=53544"}],"version-history":[{"count":1,"href":"https:\/\/imprimeideas.es\/en\/wp-json\/wp\/v2\/product\/53544\/revisions"}],"predecessor-version":[{"id":58627,"href":"https:\/\/imprimeideas.es\/en\/wp-json\/wp\/v2\/product\/53544\/revisions\/58627"}],"wp:featuredmedia":[{"embeddable":true,"href":"https:\/\/imprimeideas.es\/en\/wp-json\/wp\/v2\/media\/75458"}],"wp:attachment":[{"href":"https:\/\/imprimeideas.es\/en\/wp-json\/wp\/v2\/media?parent=53544"}],"wp:term":[{"taxonomy":"product_brand","embeddable":true,"href":"https:\/\/imprimeideas.es\/en\/wp-json\/wp\/v2\/product_brand?post=53544"},{"taxonomy":"product_cat","embeddable":true,"href":"https:\/\/imprimeideas.es\/en\/wp-json\/wp\/v2\/product_cat?post=53544"},{"taxonomy":"product_tag","embeddable":true,"href":"https:\/\/imprimeideas.es\/en\/wp-json\/wp\/v2\/product_tag?post=53544"}],"curies":[{"name":"wp","href":"https:\/\/api.w.org\/{rel}","templated":true}]}}