{"id":53530,"date":"2026-02-24T12:49:45","date_gmt":"2026-02-24T11:49:45","guid":{"rendered":"https:\/\/imprimeideas.es\/?post_type=product&p=53530"},"modified":"2026-02-26T18:13:44","modified_gmt":"2026-02-26T17:13:44","slug":"luces-led-lukkas","status":"publish","type":"product","link":"https:\/\/imprimeideas.es\/en\/product\/luces-led-lukkas\/","title":{"rendered":"Luces Led Lukkas"},"content":{"rendered":"<p>Luces LED extensibles presentadas en un estuche de ABS blanco con acabado frosted. Incluye asa en ABS negro mate y bot\u00f3n de encendido y apagado. Luces recargables con 5 intensidades de iluminaci\u00f3n c\u00e1lida y 3 modos: fijo, intermitente r\u00e1pido e intermitente lento. En formato de guirnalda de 8?m de largo con 79 bombillas, cuenta con una manivela que permite recogerla de forma f\u00e1cil y pr\u00e1ctica. Bater\u00eda de 1000?mAh. Cable USB?C incluido.<\/p>","protected":false},"excerpt":{"rendered":"<p>Extensible. 8 Metros. 79 Leds. 5 Posiciones de Luz. Bater\u00eda 1000 mAh<\/p>","protected":false},"featured_media":70037,"comment_status":"open","ping_status":"open","template":"","meta":{"inline_featured_image":false},"product_brand":[],"product_cat":[104,127],"product_tag":[],"class_list":{"0":"post-53530","1":"product","2":"type-product","3":"status-publish","4":"has-post-thumbnail","6":"product_cat-hogar-y-decoracion","7":"product_cat-navidad","9":"first","10":"outofstock","11":"taxable","12":"shipping-taxable","13":"purchasable","14":"product-type-variable","15":"has-default-attributes"},"aioseo_notices":[],"_links":{"self":[{"href":"https:\/\/imprimeideas.es\/en\/wp-json\/wp\/v2\/product\/53530","targetHints":{"allow":["GET"]}}],"collection":[{"href":"https:\/\/imprimeideas.es\/en\/wp-json\/wp\/v2\/product"}],"about":[{"href":"https:\/\/imprimeideas.es\/en\/wp-json\/wp\/v2\/types\/product"}],"replies":[{"embeddable":true,"href":"https:\/\/imprimeideas.es\/en\/wp-json\/wp\/v2\/comments?post=53530"}],"version-history":[{"count":1,"href":"https:\/\/imprimeideas.es\/en\/wp-json\/wp\/v2\/product\/53530\/revisions"}],"predecessor-version":[{"id":58605,"href":"https:\/\/imprimeideas.es\/en\/wp-json\/wp\/v2\/product\/53530\/revisions\/58605"}],"wp:featuredmedia":[{"embeddable":true,"href":"https:\/\/imprimeideas.es\/en\/wp-json\/wp\/v2\/media\/70037"}],"wp:attachment":[{"href":"https:\/\/imprimeideas.es\/en\/wp-json\/wp\/v2\/media?parent=53530"}],"wp:term":[{"taxonomy":"product_brand","embeddable":true,"href":"https:\/\/imprimeideas.es\/en\/wp-json\/wp\/v2\/product_brand?post=53530"},{"taxonomy":"product_cat","embeddable":true,"href":"https:\/\/imprimeideas.es\/en\/wp-json\/wp\/v2\/product_cat?post=53530"},{"taxonomy":"product_tag","embeddable":true,"href":"https:\/\/imprimeideas.es\/en\/wp-json\/wp\/v2\/product_tag?post=53530"}],"curies":[{"name":"wp","href":"https:\/\/api.w.org\/{rel}","templated":true}]}}