{"id":53528,"date":"2026-02-24T12:49:45","date_gmt":"2026-02-24T11:49:45","guid":{"rendered":"https:\/\/imprimeideas.es\/?post_type=product&p=53528"},"modified":"2026-02-26T18:32:56","modified_gmt":"2026-02-26T17:32:56","slug":"identificador-copas-emelya","status":"publish","type":"product","link":"https:\/\/imprimeideas.es\/en\/product\/identificador-copas-emelya\/","title":{"rendered":"Identificador Copas Emelya"},"content":{"rendered":"<p>Identificador de copas con 12 identificadores fabricados en silicona flexible para m\u00e1xima durabilidad. Cada identificador presenta un color \u00fanico para distinguir f\u00e1cilmente cada copa a\u00f1adiendo un toque divertido y personalizado. Presentado en estuche para f\u00e1cil transporte. Perfecto para eventos, catas, fiestas y reuniones con amigos o familiares.<\/p>","protected":false},"excerpt":{"rendered":"<p>12 Piezas<\/p>","protected":false},"featured_media":72977,"comment_status":"open","ping_status":"open","template":"","meta":{"inline_featured_image":false},"product_brand":[],"product_cat":[2157,104,105],"product_tag":[],"class_list":{"0":"post-53528","1":"product","2":"type-product","3":"status-publish","4":"has-post-thumbnail","6":"product_cat-novedades","7":"product_cat-hogar-y-decoracion","8":"product_cat-vino-accesorios-de-bebida-y-hosteleria","10":"first","11":"outofstock","12":"taxable","13":"shipping-taxable","14":"purchasable","15":"product-type-variable","16":"has-default-attributes"},"aioseo_notices":[],"_links":{"self":[{"href":"https:\/\/imprimeideas.es\/en\/wp-json\/wp\/v2\/product\/53528","targetHints":{"allow":["GET"]}}],"collection":[{"href":"https:\/\/imprimeideas.es\/en\/wp-json\/wp\/v2\/product"}],"about":[{"href":"https:\/\/imprimeideas.es\/en\/wp-json\/wp\/v2\/types\/product"}],"replies":[{"embeddable":true,"href":"https:\/\/imprimeideas.es\/en\/wp-json\/wp\/v2\/comments?post=53528"}],"version-history":[{"count":1,"href":"https:\/\/imprimeideas.es\/en\/wp-json\/wp\/v2\/product\/53528\/revisions"}],"predecessor-version":[{"id":58604,"href":"https:\/\/imprimeideas.es\/en\/wp-json\/wp\/v2\/product\/53528\/revisions\/58604"}],"wp:featuredmedia":[{"embeddable":true,"href":"https:\/\/imprimeideas.es\/en\/wp-json\/wp\/v2\/media\/72977"}],"wp:attachment":[{"href":"https:\/\/imprimeideas.es\/en\/wp-json\/wp\/v2\/media?parent=53528"}],"wp:term":[{"taxonomy":"product_brand","embeddable":true,"href":"https:\/\/imprimeideas.es\/en\/wp-json\/wp\/v2\/product_brand?post=53528"},{"taxonomy":"product_cat","embeddable":true,"href":"https:\/\/imprimeideas.es\/en\/wp-json\/wp\/v2\/product_cat?post=53528"},{"taxonomy":"product_tag","embeddable":true,"href":"https:\/\/imprimeideas.es\/en\/wp-json\/wp\/v2\/product_tag?post=53528"}],"curies":[{"name":"wp","href":"https:\/\/api.w.org\/{rel}","templated":true}]}}