{"id":53517,"date":"2026-02-24T12:49:43","date_gmt":"2026-02-24T11:49:43","guid":{"rendered":"https:\/\/imprimeideas.es\/?post_type=product&p=53517"},"modified":"2026-02-26T18:13:58","modified_gmt":"2026-02-26T17:13:58","slug":"altavoz-noreah","status":"publish","type":"product","link":"https:\/\/imprimeideas.es\/en\/product\/altavoz-noreah\/","title":{"rendered":"Altavoz Noreah"},"content":{"rendered":"<p>Altavoz con original dise\u00f1o de bal\u00f3n de futbol bailar\u00edn fabricado en ABS. Con conexi\u00f3n Bluetooth\u00ae 5.3 y 3W de potencia, y bater\u00eda de 500 mAh a trav\u00e9s de cable USB-Tipo C incluido. Incluye pr\u00e1ctica y divertida asa de transporte, para ir con la m\u00fasica a todas partes.<\/p>","protected":false},"excerpt":{"rendered":"<p>Conexi\u00f3n Bluetooth. Potencia Sonido 3W. Bater\u00eda 500 mAh<\/p>","protected":false},"featured_media":64533,"comment_status":"open","ping_status":"open","template":"","meta":{"inline_featured_image":false},"product_brand":[],"product_cat":[2157,101,95],"product_tag":[],"class_list":{"0":"post-53517","1":"product","2":"type-product","3":"status-publish","4":"has-post-thumbnail","6":"product_cat-novedades","7":"product_cat-deporte-y-aventura","8":"product_cat-tecnologia-y-accesorios","10":"first","11":"outofstock","12":"taxable","13":"shipping-taxable","14":"purchasable","15":"product-type-variable","16":"has-default-attributes"},"aioseo_notices":[],"_links":{"self":[{"href":"https:\/\/imprimeideas.es\/en\/wp-json\/wp\/v2\/product\/53517","targetHints":{"allow":["GET"]}}],"collection":[{"href":"https:\/\/imprimeideas.es\/en\/wp-json\/wp\/v2\/product"}],"about":[{"href":"https:\/\/imprimeideas.es\/en\/wp-json\/wp\/v2\/types\/product"}],"replies":[{"embeddable":true,"href":"https:\/\/imprimeideas.es\/en\/wp-json\/wp\/v2\/comments?post=53517"}],"version-history":[{"count":1,"href":"https:\/\/imprimeideas.es\/en\/wp-json\/wp\/v2\/product\/53517\/revisions"}],"predecessor-version":[{"id":58601,"href":"https:\/\/imprimeideas.es\/en\/wp-json\/wp\/v2\/product\/53517\/revisions\/58601"}],"wp:featuredmedia":[{"embeddable":true,"href":"https:\/\/imprimeideas.es\/en\/wp-json\/wp\/v2\/media\/64533"}],"wp:attachment":[{"href":"https:\/\/imprimeideas.es\/en\/wp-json\/wp\/v2\/media?parent=53517"}],"wp:term":[{"taxonomy":"product_brand","embeddable":true,"href":"https:\/\/imprimeideas.es\/en\/wp-json\/wp\/v2\/product_brand?post=53517"},{"taxonomy":"product_cat","embeddable":true,"href":"https:\/\/imprimeideas.es\/en\/wp-json\/wp\/v2\/product_cat?post=53517"},{"taxonomy":"product_tag","embeddable":true,"href":"https:\/\/imprimeideas.es\/en\/wp-json\/wp\/v2\/product_tag?post=53517"}],"curies":[{"name":"wp","href":"https:\/\/api.w.org\/{rel}","templated":true}]}}