{"id":53507,"date":"2026-02-24T12:49:42","date_gmt":"2026-02-24T11:49:42","guid":{"rendered":"https:\/\/imprimeideas.es\/?post_type=product&p=53507"},"modified":"2026-02-26T18:19:23","modified_gmt":"2026-02-26T17:19:23","slug":"porteria-biosan","status":"publish","type":"product","link":"https:\/\/imprimeideas.es\/en\/product\/porteria-biosan\/","title":{"rendered":"Porter\u00eda Biosan"},"content":{"rendered":"<p>Porter\u00eda plegable dise\u00f1ada para un montaje sencillo y r\u00e1pido. Su estructura pr\u00e1ctica permite instalarla y desmontarla sin complicaciones. Incluye una c\u00f3moda bolsa de transporte que facilita su traslado y almacenamiento.<\/p>","protected":false},"excerpt":{"rendered":"<p>Plegable. Funda Non-Woven<\/p>","protected":false},"featured_media":64377,"comment_status":"open","ping_status":"open","template":"","meta":{"inline_featured_image":false},"product_brand":[],"product_cat":[2157,101],"product_tag":[],"class_list":{"0":"post-53507","1":"product","2":"type-product","3":"status-publish","4":"has-post-thumbnail","6":"product_cat-novedades","7":"product_cat-deporte-y-aventura","9":"first","10":"outofstock","11":"taxable","12":"shipping-taxable","13":"purchasable","14":"product-type-variable","15":"has-default-attributes"},"aioseo_notices":[],"_links":{"self":[{"href":"https:\/\/imprimeideas.es\/en\/wp-json\/wp\/v2\/product\/53507","targetHints":{"allow":["GET"]}}],"collection":[{"href":"https:\/\/imprimeideas.es\/en\/wp-json\/wp\/v2\/product"}],"about":[{"href":"https:\/\/imprimeideas.es\/en\/wp-json\/wp\/v2\/types\/product"}],"replies":[{"embeddable":true,"href":"https:\/\/imprimeideas.es\/en\/wp-json\/wp\/v2\/comments?post=53507"}],"version-history":[{"count":1,"href":"https:\/\/imprimeideas.es\/en\/wp-json\/wp\/v2\/product\/53507\/revisions"}],"predecessor-version":[{"id":58647,"href":"https:\/\/imprimeideas.es\/en\/wp-json\/wp\/v2\/product\/53507\/revisions\/58647"}],"wp:featuredmedia":[{"embeddable":true,"href":"https:\/\/imprimeideas.es\/en\/wp-json\/wp\/v2\/media\/64377"}],"wp:attachment":[{"href":"https:\/\/imprimeideas.es\/en\/wp-json\/wp\/v2\/media?parent=53507"}],"wp:term":[{"taxonomy":"product_brand","embeddable":true,"href":"https:\/\/imprimeideas.es\/en\/wp-json\/wp\/v2\/product_brand?post=53507"},{"taxonomy":"product_cat","embeddable":true,"href":"https:\/\/imprimeideas.es\/en\/wp-json\/wp\/v2\/product_cat?post=53507"},{"taxonomy":"product_tag","embeddable":true,"href":"https:\/\/imprimeideas.es\/en\/wp-json\/wp\/v2\/product_tag?post=53507"}],"curies":[{"name":"wp","href":"https:\/\/api.w.org\/{rel}","templated":true}]}}