{"id":53491,"date":"2026-02-24T12:49:39","date_gmt":"2026-02-24T11:49:39","guid":{"rendered":"https:\/\/imprimeideas.es\/?post_type=product&p=53491"},"modified":"2026-02-26T18:23:21","modified_gmt":"2026-02-26T17:23:21","slug":"set-holland","status":"publish","type":"product","link":"https:\/\/imprimeideas.es\/en\/product\/set-holland\/","title":{"rendered":"Set Holland"},"content":{"rendered":"<p>Set de bloc de notas y bol\u00edgrafo fabricados en PU Reciclado y Aluminio Reciclado.  El set incluye: &#8211; Bloc de notas fabricado en PU Reciclada, con tapas flexibles . Incluye 96 p\u00e1ginas de color crema con l\u00edneas, un marcap\u00e1ginas a juego. Con distintivo PU Reciclada. &#8211; Bol\u00edgrafo de aluminio reciclado, con cuerpo en acabado caucho. Dispone de clip mecanismo pulsador y tinta azul. Incluye distintivo de aluminio reciclado.<\/p>","protected":false},"excerpt":{"rendered":"<p>Bloc PU Reciclada. Portada Flexible. 96 Hojas. Bol\u00edgrafo Aluminio Reciclado. Acabado Caucho<\/p>","protected":false},"featured_media":76764,"comment_status":"open","ping_status":"open","template":"","meta":{"inline_featured_image":false},"product_brand":[],"product_cat":[2157,96,106],"product_tag":[],"class_list":{"0":"post-53491","1":"product","2":"type-product","3":"status-publish","4":"has-post-thumbnail","6":"product_cat-novedades","7":"product_cat-oficina-y-negocios","8":"product_cat-regalos-y-premiums","10":"first","11":"outofstock","12":"taxable","13":"shipping-taxable","14":"purchasable","15":"product-type-variable","16":"has-default-attributes"},"aioseo_notices":[],"_links":{"self":[{"href":"https:\/\/imprimeideas.es\/en\/wp-json\/wp\/v2\/product\/53491","targetHints":{"allow":["GET"]}}],"collection":[{"href":"https:\/\/imprimeideas.es\/en\/wp-json\/wp\/v2\/product"}],"about":[{"href":"https:\/\/imprimeideas.es\/en\/wp-json\/wp\/v2\/types\/product"}],"replies":[{"embeddable":true,"href":"https:\/\/imprimeideas.es\/en\/wp-json\/wp\/v2\/comments?post=53491"}],"version-history":[{"count":1,"href":"https:\/\/imprimeideas.es\/en\/wp-json\/wp\/v2\/product\/53491\/revisions"}],"predecessor-version":[{"id":58644,"href":"https:\/\/imprimeideas.es\/en\/wp-json\/wp\/v2\/product\/53491\/revisions\/58644"}],"wp:featuredmedia":[{"embeddable":true,"href":"https:\/\/imprimeideas.es\/en\/wp-json\/wp\/v2\/media\/76764"}],"wp:attachment":[{"href":"https:\/\/imprimeideas.es\/en\/wp-json\/wp\/v2\/media?parent=53491"}],"wp:term":[{"taxonomy":"product_brand","embeddable":true,"href":"https:\/\/imprimeideas.es\/en\/wp-json\/wp\/v2\/product_brand?post=53491"},{"taxonomy":"product_cat","embeddable":true,"href":"https:\/\/imprimeideas.es\/en\/wp-json\/wp\/v2\/product_cat?post=53491"},{"taxonomy":"product_tag","embeddable":true,"href":"https:\/\/imprimeideas.es\/en\/wp-json\/wp\/v2\/product_tag?post=53491"}],"curies":[{"name":"wp","href":"https:\/\/api.w.org\/{rel}","templated":true}]}}