{"id":53485,"date":"2026-02-24T12:49:39","date_gmt":"2026-02-24T11:49:39","guid":{"rendered":"https:\/\/imprimeideas.es\/?post_type=product&p=53485"},"modified":"2026-02-26T18:28:02","modified_gmt":"2026-02-26T17:28:02","slug":"set-garrick","status":"publish","type":"product","link":"https:\/\/imprimeideas.es\/en\/product\/set-garrick\/","title":{"rendered":"Set Garrick"},"content":{"rendered":"<p>Set de bloc de notas y bol\u00edgrafo fabricados en PU.  El set incluye: &#8211; Bloc de notas fabricado en PU. Incluye 80 p\u00e1ginas de color crema con l\u00edneas, marcap\u00e1ginas y cinta el\u00e1stica de cierre a juego.  &#8211; Bol\u00edgrafo, con cuerpo en color s\u00f3lido en acabado caucho. Dispone de clip, mecanismo pulsador y tinta azul.<\/p>","protected":false},"excerpt":{"rendered":"<p>Bloc Portada R\u00edgida. 80 Hojas. Bol\u00edgrafo Acabado Caucho<\/p>","protected":false},"featured_media":70235,"comment_status":"open","ping_status":"open","template":"","meta":{"inline_featured_image":false},"product_brand":[],"product_cat":[2157,96],"product_tag":[],"class_list":{"0":"post-53485","1":"product","2":"type-product","3":"status-publish","4":"has-post-thumbnail","6":"product_cat-novedades","7":"product_cat-oficina-y-negocios","9":"first","10":"outofstock","11":"taxable","12":"shipping-taxable","13":"purchasable","14":"product-type-variable","15":"has-default-attributes"},"aioseo_notices":[],"_links":{"self":[{"href":"https:\/\/imprimeideas.es\/en\/wp-json\/wp\/v2\/product\/53485","targetHints":{"allow":["GET"]}}],"collection":[{"href":"https:\/\/imprimeideas.es\/en\/wp-json\/wp\/v2\/product"}],"about":[{"href":"https:\/\/imprimeideas.es\/en\/wp-json\/wp\/v2\/types\/product"}],"replies":[{"embeddable":true,"href":"https:\/\/imprimeideas.es\/en\/wp-json\/wp\/v2\/comments?post=53485"}],"version-history":[{"count":1,"href":"https:\/\/imprimeideas.es\/en\/wp-json\/wp\/v2\/product\/53485\/revisions"}],"predecessor-version":[{"id":58643,"href":"https:\/\/imprimeideas.es\/en\/wp-json\/wp\/v2\/product\/53485\/revisions\/58643"}],"wp:featuredmedia":[{"embeddable":true,"href":"https:\/\/imprimeideas.es\/en\/wp-json\/wp\/v2\/media\/70235"}],"wp:attachment":[{"href":"https:\/\/imprimeideas.es\/en\/wp-json\/wp\/v2\/media?parent=53485"}],"wp:term":[{"taxonomy":"product_brand","embeddable":true,"href":"https:\/\/imprimeideas.es\/en\/wp-json\/wp\/v2\/product_brand?post=53485"},{"taxonomy":"product_cat","embeddable":true,"href":"https:\/\/imprimeideas.es\/en\/wp-json\/wp\/v2\/product_cat?post=53485"},{"taxonomy":"product_tag","embeddable":true,"href":"https:\/\/imprimeideas.es\/en\/wp-json\/wp\/v2\/product_tag?post=53485"}],"curies":[{"name":"wp","href":"https:\/\/api.w.org\/{rel}","templated":true}]}}