{"id":53478,"date":"2026-02-24T12:49:37","date_gmt":"2026-02-24T11:49:37","guid":{"rendered":"https:\/\/imprimeideas.es\/?post_type=product&p=53478"},"modified":"2026-02-26T18:08:18","modified_gmt":"2026-02-26T17:08:18","slug":"boligrafo-varkin","status":"publish","type":"product","link":"https:\/\/imprimeideas.es\/en\/product\/boligrafo-varkin\/","title":{"rendered":"Bol\u00edgrafo Varkin"},"content":{"rendered":"<p>Bol\u00edgrafo fabricado en RABS. Clip especial dise\u00f1ado para impresi\u00f3n digital,  de mecanismo pulsador y en tinta azul. Distintivo RABS en la parte superior del bol\u00edgrafo.<\/p>","protected":false},"excerpt":{"rendered":"<p>Bol\u00edgrafo fabricado en RABS. Clip especial dise\u00f1ado para impresi\u00f3n digital, de mecanismo pulsador y en tinta azul. Distintivo RABS en<\/p>","protected":false},"featured_media":80911,"comment_status":"open","ping_status":"open","template":"","meta":{"inline_featured_image":false},"product_brand":[],"product_cat":[2157,100],"product_tag":[],"class_list":{"0":"post-53478","1":"product","2":"type-product","3":"status-publish","4":"has-post-thumbnail","6":"product_cat-novedades","7":"product_cat-escritura","9":"first","10":"outofstock","11":"taxable","12":"shipping-taxable","13":"purchasable","14":"product-type-variable","15":"has-default-attributes"},"aioseo_notices":[],"_links":{"self":[{"href":"https:\/\/imprimeideas.es\/en\/wp-json\/wp\/v2\/product\/53478","targetHints":{"allow":["GET"]}}],"collection":[{"href":"https:\/\/imprimeideas.es\/en\/wp-json\/wp\/v2\/product"}],"about":[{"href":"https:\/\/imprimeideas.es\/en\/wp-json\/wp\/v2\/types\/product"}],"replies":[{"embeddable":true,"href":"https:\/\/imprimeideas.es\/en\/wp-json\/wp\/v2\/comments?post=53478"}],"version-history":[{"count":1,"href":"https:\/\/imprimeideas.es\/en\/wp-json\/wp\/v2\/product\/53478\/revisions"}],"predecessor-version":[{"id":58642,"href":"https:\/\/imprimeideas.es\/en\/wp-json\/wp\/v2\/product\/53478\/revisions\/58642"}],"wp:featuredmedia":[{"embeddable":true,"href":"https:\/\/imprimeideas.es\/en\/wp-json\/wp\/v2\/media\/80911"}],"wp:attachment":[{"href":"https:\/\/imprimeideas.es\/en\/wp-json\/wp\/v2\/media?parent=53478"}],"wp:term":[{"taxonomy":"product_brand","embeddable":true,"href":"https:\/\/imprimeideas.es\/en\/wp-json\/wp\/v2\/product_brand?post=53478"},{"taxonomy":"product_cat","embeddable":true,"href":"https:\/\/imprimeideas.es\/en\/wp-json\/wp\/v2\/product_cat?post=53478"},{"taxonomy":"product_tag","embeddable":true,"href":"https:\/\/imprimeideas.es\/en\/wp-json\/wp\/v2\/product_tag?post=53478"}],"curies":[{"name":"wp","href":"https:\/\/api.w.org\/{rel}","templated":true}]}}