{"id":53468,"date":"2026-02-24T12:49:36","date_gmt":"2026-02-24T11:49:36","guid":{"rendered":"https:\/\/imprimeideas.es\/?post_type=product&p=53468"},"modified":"2026-02-26T18:33:04","modified_gmt":"2026-02-26T17:33:04","slug":"boligrafo-nfc-pindar","status":"publish","type":"product","link":"https:\/\/imprimeideas.es\/en\/product\/boligrafo-nfc-pindar\/","title":{"rendered":"Bol\u00edgrafo NFC Pindar"},"content":{"rendered":"<p>Bol\u00edgrafo NFC con cuerpo en Aluminio en acabado mate. Clip plateado a conjunto con pulsador y punta. Tinta azul. Bol\u00edgrafo con etiqueta NFC integrada, compatible con todos los smartphones y dispositivos inteligentes con tecnolog\u00eda NFC. Permite transmitir la informaci\u00f3n que desees de forma r\u00e1pida y sencilla: basta con acercar el dispositivo al bol\u00edgrafo para acceder al instante a enlaces, p\u00e1ginas web, v\u00eddeos, redes sociales, y mucho m\u00e1s. Una soluci\u00f3n innovadora que conecta tu marca con un simple gesto.<\/p>","protected":false},"excerpt":{"rendered":"<p>Carga Jumbo<\/p>","protected":false},"featured_media":75394,"comment_status":"open","ping_status":"open","template":"","meta":{"inline_featured_image":false},"product_brand":[],"product_cat":[2157,100],"product_tag":[],"class_list":{"0":"post-53468","1":"product","2":"type-product","3":"status-publish","4":"has-post-thumbnail","6":"product_cat-novedades","7":"product_cat-escritura","9":"first","10":"outofstock","11":"taxable","12":"shipping-taxable","13":"purchasable","14":"product-type-variable","15":"has-default-attributes"},"aioseo_notices":[],"_links":{"self":[{"href":"https:\/\/imprimeideas.es\/en\/wp-json\/wp\/v2\/product\/53468","targetHints":{"allow":["GET"]}}],"collection":[{"href":"https:\/\/imprimeideas.es\/en\/wp-json\/wp\/v2\/product"}],"about":[{"href":"https:\/\/imprimeideas.es\/en\/wp-json\/wp\/v2\/types\/product"}],"replies":[{"embeddable":true,"href":"https:\/\/imprimeideas.es\/en\/wp-json\/wp\/v2\/comments?post=53468"}],"version-history":[{"count":1,"href":"https:\/\/imprimeideas.es\/en\/wp-json\/wp\/v2\/product\/53468\/revisions"}],"predecessor-version":[{"id":58640,"href":"https:\/\/imprimeideas.es\/en\/wp-json\/wp\/v2\/product\/53468\/revisions\/58640"}],"wp:featuredmedia":[{"embeddable":true,"href":"https:\/\/imprimeideas.es\/en\/wp-json\/wp\/v2\/media\/75394"}],"wp:attachment":[{"href":"https:\/\/imprimeideas.es\/en\/wp-json\/wp\/v2\/media?parent=53468"}],"wp:term":[{"taxonomy":"product_brand","embeddable":true,"href":"https:\/\/imprimeideas.es\/en\/wp-json\/wp\/v2\/product_brand?post=53468"},{"taxonomy":"product_cat","embeddable":true,"href":"https:\/\/imprimeideas.es\/en\/wp-json\/wp\/v2\/product_cat?post=53468"},{"taxonomy":"product_tag","embeddable":true,"href":"https:\/\/imprimeideas.es\/en\/wp-json\/wp\/v2\/product_tag?post=53468"}],"curies":[{"name":"wp","href":"https:\/\/api.w.org\/{rel}","templated":true}]}}