{"id":53430,"date":"2026-02-24T12:49:30","date_gmt":"2026-02-24T11:49:30","guid":{"rendered":"https:\/\/imprimeideas.es\/?post_type=product&p=53430"},"modified":"2026-02-26T18:42:29","modified_gmt":"2026-02-26T17:42:29","slug":"boligrafo-crysta","status":"publish","type":"product","link":"https:\/\/imprimeideas.es\/en\/product\/boligrafo-crysta\/","title":{"rendered":"Bol\u00edgrafo Crysta"},"content":{"rendered":"<p>Bol\u00edgrafo puntero de mecanismo pulsador fabricado en aluminio reciclado. Pulsador  acabado cromado. Cuerpo terminaci\u00f3n en goma, especialmente dise\u00f1ado para marcaje en l\u00e1ser efecto espejos en matching color. Distintivo aluminio reciclado en la parte superior del bol\u00edgrafo.En tinta azul.<\/p>","protected":false},"excerpt":{"rendered":"<p>Bol\u00edgrafo puntero de mecanismo pulsador fabricado en aluminio reciclado. Pulsador acabado cromado. Cuerpo terminaci\u00f3n en goma, especialmente dise\u00f1ado para marcaje<\/p>","protected":false},"featured_media":82384,"comment_status":"open","ping_status":"open","template":"","meta":{"inline_featured_image":false},"product_brand":[],"product_cat":[2157,100],"product_tag":[],"class_list":{"0":"post-53430","1":"product","2":"type-product","3":"status-publish","4":"has-post-thumbnail","6":"product_cat-novedades","7":"product_cat-escritura","9":"first","10":"outofstock","11":"taxable","12":"shipping-taxable","13":"purchasable","14":"product-type-variable","15":"has-default-attributes"},"aioseo_notices":[],"_links":{"self":[{"href":"https:\/\/imprimeideas.es\/en\/wp-json\/wp\/v2\/product\/53430","targetHints":{"allow":["GET"]}}],"collection":[{"href":"https:\/\/imprimeideas.es\/en\/wp-json\/wp\/v2\/product"}],"about":[{"href":"https:\/\/imprimeideas.es\/en\/wp-json\/wp\/v2\/types\/product"}],"replies":[{"embeddable":true,"href":"https:\/\/imprimeideas.es\/en\/wp-json\/wp\/v2\/comments?post=53430"}],"version-history":[{"count":1,"href":"https:\/\/imprimeideas.es\/en\/wp-json\/wp\/v2\/product\/53430\/revisions"}],"predecessor-version":[{"id":58598,"href":"https:\/\/imprimeideas.es\/en\/wp-json\/wp\/v2\/product\/53430\/revisions\/58598"}],"wp:featuredmedia":[{"embeddable":true,"href":"https:\/\/imprimeideas.es\/en\/wp-json\/wp\/v2\/media\/82384"}],"wp:attachment":[{"href":"https:\/\/imprimeideas.es\/en\/wp-json\/wp\/v2\/media?parent=53430"}],"wp:term":[{"taxonomy":"product_brand","embeddable":true,"href":"https:\/\/imprimeideas.es\/en\/wp-json\/wp\/v2\/product_brand?post=53430"},{"taxonomy":"product_cat","embeddable":true,"href":"https:\/\/imprimeideas.es\/en\/wp-json\/wp\/v2\/product_cat?post=53430"},{"taxonomy":"product_tag","embeddable":true,"href":"https:\/\/imprimeideas.es\/en\/wp-json\/wp\/v2\/product_tag?post=53430"}],"curies":[{"name":"wp","href":"https:\/\/api.w.org\/{rel}","templated":true}]}}