{"id":53427,"date":"2026-02-24T12:49:30","date_gmt":"2026-02-24T11:49:30","guid":{"rendered":"https:\/\/imprimeideas.es\/?post_type=product&p=53427"},"modified":"2026-02-26T18:37:30","modified_gmt":"2026-02-26T17:37:30","slug":"set-keplix","status":"publish","type":"product","link":"https:\/\/imprimeideas.es\/en\/product\/set-keplix\/","title":{"rendered":"Set Keplix"},"content":{"rendered":"<p>Set de bloc de notas y bol\u00edgrafo , adem\u00e1s de un bid\u00f3n t\u00e9rmico fabricado en acero inox.El set incluye:- Bloc de notas de tapas r\u00edgidas en RPET, con 80 p\u00e1ginas rayas, banda el\u00e1stica con clip met\u00e1lico y marcap\u00e1ginas a juego.- Bol\u00edgrafo de aluminio reciclado en acabado gomoso, carga jumbo y tinta azul.- Bid\u00f3n t\u00e9rmico de doble pared fabricado en acero inox de 500ml. Con tap\u00f3n a rosca. Con distintivo logotipo Acero Inoxidable Reciclado.<\/p>","protected":false},"excerpt":{"rendered":"<p>Bid\u00f3n T\u00e9rmico Acero Inox, 500 ml. Bloc RPET, Portada R\u00edgida, 80 Hojas. Bol\u00edgrafo Aluminio Reciclado<\/p>","protected":false},"featured_media":63719,"comment_status":"open","ping_status":"open","template":"","meta":{"inline_featured_image":false},"product_brand":[],"product_cat":[2157,96,106],"product_tag":[],"class_list":{"0":"post-53427","1":"product","2":"type-product","3":"status-publish","4":"has-post-thumbnail","6":"product_cat-novedades","7":"product_cat-oficina-y-negocios","8":"product_cat-regalos-y-premiums","10":"first","11":"outofstock","12":"taxable","13":"shipping-taxable","14":"purchasable","15":"product-type-variable","16":"has-default-attributes"},"aioseo_notices":[],"_links":{"self":[{"href":"https:\/\/imprimeideas.es\/en\/wp-json\/wp\/v2\/product\/53427","targetHints":{"allow":["GET"]}}],"collection":[{"href":"https:\/\/imprimeideas.es\/en\/wp-json\/wp\/v2\/product"}],"about":[{"href":"https:\/\/imprimeideas.es\/en\/wp-json\/wp\/v2\/types\/product"}],"replies":[{"embeddable":true,"href":"https:\/\/imprimeideas.es\/en\/wp-json\/wp\/v2\/comments?post=53427"}],"version-history":[{"count":1,"href":"https:\/\/imprimeideas.es\/en\/wp-json\/wp\/v2\/product\/53427\/revisions"}],"predecessor-version":[{"id":58597,"href":"https:\/\/imprimeideas.es\/en\/wp-json\/wp\/v2\/product\/53427\/revisions\/58597"}],"wp:featuredmedia":[{"embeddable":true,"href":"https:\/\/imprimeideas.es\/en\/wp-json\/wp\/v2\/media\/63719"}],"wp:attachment":[{"href":"https:\/\/imprimeideas.es\/en\/wp-json\/wp\/v2\/media?parent=53427"}],"wp:term":[{"taxonomy":"product_brand","embeddable":true,"href":"https:\/\/imprimeideas.es\/en\/wp-json\/wp\/v2\/product_brand?post=53427"},{"taxonomy":"product_cat","embeddable":true,"href":"https:\/\/imprimeideas.es\/en\/wp-json\/wp\/v2\/product_cat?post=53427"},{"taxonomy":"product_tag","embeddable":true,"href":"https:\/\/imprimeideas.es\/en\/wp-json\/wp\/v2\/product_tag?post=53427"}],"curies":[{"name":"wp","href":"https:\/\/api.w.org\/{rel}","templated":true}]}}