{"id":53400,"date":"2026-02-24T12:49:26","date_gmt":"2026-02-24T11:49:26","guid":{"rendered":"https:\/\/imprimeideas.es\/?post_type=product&p=53400"},"modified":"2026-02-26T18:37:32","modified_gmt":"2026-02-26T17:37:32","slug":"tarjetero-enkor","status":"publish","type":"product","link":"https:\/\/imprimeideas.es\/en\/product\/tarjetero-enkor\/","title":{"rendered":"Tarjetero Enkor"},"content":{"rendered":"<p>Tarjetero soporte en elegante  PU reciclado. Con tarjetero multifuncional que ofrece 6 compartimentos, con cierre plegable magn\u00e9tico. Con sistema de fijaci\u00f3n  m\u00f3vil magn\u00e9tico.<\/p>","protected":false},"excerpt":{"rendered":"<p>Magn\u00e9tico. 6 Compartimentos<\/p>","protected":false},"featured_media":73135,"comment_status":"open","ping_status":"open","template":"","meta":{"inline_featured_image":false},"product_brand":[],"product_cat":[2157,106,95],"product_tag":[],"class_list":{"0":"post-53400","1":"product","2":"type-product","3":"status-publish","4":"has-post-thumbnail","6":"product_cat-novedades","7":"product_cat-regalos-y-premiums","8":"product_cat-tecnologia-y-accesorios","10":"first","11":"outofstock","12":"taxable","13":"shipping-taxable","14":"purchasable","15":"product-type-variable","16":"has-default-attributes"},"aioseo_notices":[],"_links":{"self":[{"href":"https:\/\/imprimeideas.es\/en\/wp-json\/wp\/v2\/product\/53400","targetHints":{"allow":["GET"]}}],"collection":[{"href":"https:\/\/imprimeideas.es\/en\/wp-json\/wp\/v2\/product"}],"about":[{"href":"https:\/\/imprimeideas.es\/en\/wp-json\/wp\/v2\/types\/product"}],"replies":[{"embeddable":true,"href":"https:\/\/imprimeideas.es\/en\/wp-json\/wp\/v2\/comments?post=53400"}],"version-history":[{"count":1,"href":"https:\/\/imprimeideas.es\/en\/wp-json\/wp\/v2\/product\/53400\/revisions"}],"predecessor-version":[{"id":58700,"href":"https:\/\/imprimeideas.es\/en\/wp-json\/wp\/v2\/product\/53400\/revisions\/58700"}],"wp:featuredmedia":[{"embeddable":true,"href":"https:\/\/imprimeideas.es\/en\/wp-json\/wp\/v2\/media\/73135"}],"wp:attachment":[{"href":"https:\/\/imprimeideas.es\/en\/wp-json\/wp\/v2\/media?parent=53400"}],"wp:term":[{"taxonomy":"product_brand","embeddable":true,"href":"https:\/\/imprimeideas.es\/en\/wp-json\/wp\/v2\/product_brand?post=53400"},{"taxonomy":"product_cat","embeddable":true,"href":"https:\/\/imprimeideas.es\/en\/wp-json\/wp\/v2\/product_cat?post=53400"},{"taxonomy":"product_tag","embeddable":true,"href":"https:\/\/imprimeideas.es\/en\/wp-json\/wp\/v2\/product_tag?post=53400"}],"curies":[{"name":"wp","href":"https:\/\/api.w.org\/{rel}","templated":true}]}}