{"id":53371,"date":"2026-02-24T12:49:21","date_gmt":"2026-02-24T11:49:21","guid":{"rendered":"https:\/\/imprimeideas.es\/?post_type=product&p=53371"},"modified":"2026-02-26T18:23:25","modified_gmt":"2026-02-26T17:23:25","slug":"tarjetero-silvan","status":"publish","type":"product","link":"https:\/\/imprimeideas.es\/en\/product\/tarjetero-silvan\/","title":{"rendered":"Tarjetero Silvan"},"content":{"rendered":"<p>Funda tarjetero en elegante PU reciclada.  Con sistema de fijaci\u00f3n magn\u00e9tica. Incluye orificio en la parte trasera para f\u00e1cil extracci\u00f3n de tarjetas. Con distintivo PU reciclado.<\/p>","protected":false},"excerpt":{"rendered":"<p>Magn\u00e9tico. 1 Compartimento<\/p>","protected":false},"featured_media":76875,"comment_status":"open","ping_status":"open","template":"","meta":{"inline_featured_image":false},"product_brand":[],"product_cat":[106,95],"product_tag":[],"class_list":{"0":"post-53371","1":"product","2":"type-product","3":"status-publish","4":"has-post-thumbnail","6":"product_cat-regalos-y-premiums","7":"product_cat-tecnologia-y-accesorios","9":"first","10":"outofstock","11":"taxable","12":"shipping-taxable","13":"purchasable","14":"product-type-variable","15":"has-default-attributes"},"aioseo_notices":[],"_links":{"self":[{"href":"https:\/\/imprimeideas.es\/en\/wp-json\/wp\/v2\/product\/53371","targetHints":{"allow":["GET"]}}],"collection":[{"href":"https:\/\/imprimeideas.es\/en\/wp-json\/wp\/v2\/product"}],"about":[{"href":"https:\/\/imprimeideas.es\/en\/wp-json\/wp\/v2\/types\/product"}],"replies":[{"embeddable":true,"href":"https:\/\/imprimeideas.es\/en\/wp-json\/wp\/v2\/comments?post=53371"}],"version-history":[{"count":1,"href":"https:\/\/imprimeideas.es\/en\/wp-json\/wp\/v2\/product\/53371\/revisions"}],"predecessor-version":[{"id":58698,"href":"https:\/\/imprimeideas.es\/en\/wp-json\/wp\/v2\/product\/53371\/revisions\/58698"}],"wp:featuredmedia":[{"embeddable":true,"href":"https:\/\/imprimeideas.es\/en\/wp-json\/wp\/v2\/media\/76875"}],"wp:attachment":[{"href":"https:\/\/imprimeideas.es\/en\/wp-json\/wp\/v2\/media?parent=53371"}],"wp:term":[{"taxonomy":"product_brand","embeddable":true,"href":"https:\/\/imprimeideas.es\/en\/wp-json\/wp\/v2\/product_brand?post=53371"},{"taxonomy":"product_cat","embeddable":true,"href":"https:\/\/imprimeideas.es\/en\/wp-json\/wp\/v2\/product_cat?post=53371"},{"taxonomy":"product_tag","embeddable":true,"href":"https:\/\/imprimeideas.es\/en\/wp-json\/wp\/v2\/product_tag?post=53371"}],"curies":[{"name":"wp","href":"https:\/\/api.w.org\/{rel}","templated":true}]}}