{"id":53355,"date":"2026-02-24T12:49:19","date_gmt":"2026-02-24T11:49:19","guid":{"rendered":"https:\/\/imprimeideas.es\/?post_type=product&p=53355"},"modified":"2026-02-26T18:33:00","modified_gmt":"2026-02-26T17:33:00","slug":"llavero-concord","status":"publish","type":"product","link":"https:\/\/imprimeideas.es\/en\/product\/llavero-concord\/","title":{"rendered":"Llavero Concord"},"content":{"rendered":"<p>Llavero con original dise\u00f1o de cl\u00e1sico bal\u00f3n de futbol en relieve,  confeccionado en PU. Dispone de anilla met\u00e1lica cromada.<\/p>","protected":false},"excerpt":{"rendered":"<p>Llavero con original dise\u00f1o de cl\u00e1sico bal\u00f3n de futbol en relieve, confeccionado en PU. Dispone de anilla met\u00e1lica cromada.<\/p>","protected":false},"featured_media":69738,"comment_status":"open","ping_status":"open","template":"","meta":{"inline_featured_image":false},"product_brand":[],"product_cat":[2157,101,106],"product_tag":[],"class_list":{"0":"post-53355","1":"product","2":"type-product","3":"status-publish","4":"has-post-thumbnail","6":"product_cat-novedades","7":"product_cat-deporte-y-aventura","8":"product_cat-regalos-y-premiums","10":"first","11":"outofstock","12":"taxable","13":"shipping-taxable","14":"purchasable","15":"product-type-variable","16":"has-default-attributes"},"aioseo_notices":[],"_links":{"self":[{"href":"https:\/\/imprimeideas.es\/en\/wp-json\/wp\/v2\/product\/53355","targetHints":{"allow":["GET"]}}],"collection":[{"href":"https:\/\/imprimeideas.es\/en\/wp-json\/wp\/v2\/product"}],"about":[{"href":"https:\/\/imprimeideas.es\/en\/wp-json\/wp\/v2\/types\/product"}],"replies":[{"embeddable":true,"href":"https:\/\/imprimeideas.es\/en\/wp-json\/wp\/v2\/comments?post=53355"}],"version-history":[{"count":1,"href":"https:\/\/imprimeideas.es\/en\/wp-json\/wp\/v2\/product\/53355\/revisions"}],"predecessor-version":[{"id":58702,"href":"https:\/\/imprimeideas.es\/en\/wp-json\/wp\/v2\/product\/53355\/revisions\/58702"}],"wp:featuredmedia":[{"embeddable":true,"href":"https:\/\/imprimeideas.es\/en\/wp-json\/wp\/v2\/media\/69738"}],"wp:attachment":[{"href":"https:\/\/imprimeideas.es\/en\/wp-json\/wp\/v2\/media?parent=53355"}],"wp:term":[{"taxonomy":"product_brand","embeddable":true,"href":"https:\/\/imprimeideas.es\/en\/wp-json\/wp\/v2\/product_brand?post=53355"},{"taxonomy":"product_cat","embeddable":true,"href":"https:\/\/imprimeideas.es\/en\/wp-json\/wp\/v2\/product_cat?post=53355"},{"taxonomy":"product_tag","embeddable":true,"href":"https:\/\/imprimeideas.es\/en\/wp-json\/wp\/v2\/product_tag?post=53355"}],"curies":[{"name":"wp","href":"https:\/\/api.w.org\/{rel}","templated":true}]}}