{"id":53338,"date":"2026-02-24T12:49:16","date_gmt":"2026-02-24T11:49:16","guid":{"rendered":"https:\/\/imprimeideas.es\/?post_type=product&p=53338"},"modified":"2026-02-26T18:27:53","modified_gmt":"2026-02-26T17:27:53","slug":"parka-rauric","status":"publish","type":"product","link":"https:\/\/imprimeideas.es\/en\/product\/parka-rauric\/","title":{"rendered":"Parka Rauric"},"content":{"rendered":"<p>Chaqueta acolchada de alta visibilidad con dise\u00f1o bicolor. Confeccionada en tejido exterior impermeable y costuras termoselladas, ofrece protecci\u00f3n contra el viento y la lluvia.Con dos bandas reflectantes horizontales en el cuerpo y dos en las mangas, que aseguran una visibilidad \u00f3ptima en condiciones de baja luminosidad.Incluye capucha enrollable, cierre frontal con cremallera y solapa con velcro. as\u00ed como pu\u00f1os ajustables y cintura el\u00e1stica para mayor ajuste.Cuenta con dos bolsillos laterales con cierre de cremallera, un bolsillo en el pecho derecho y un bolsillo interior con cierre de cremallera.Incorpora acceso trasero interior para reprocesos o personalizaci\u00f3n.<\/p>","protected":false},"excerpt":{"rendered":"<p>Tratamiento Impermeable. Cremallera Interior para Impresi\u00f3n<\/p>","protected":false},"featured_media":64700,"comment_status":"open","ping_status":"open","template":"","meta":{"inline_featured_image":false},"product_brand":[],"product_cat":[2157,116],"product_tag":[],"class_list":{"0":"post-53338","1":"product","2":"type-product","3":"status-publish","4":"has-post-thumbnail","6":"product_cat-novedades","7":"product_cat-textil","9":"first","10":"outofstock","11":"taxable","12":"shipping-taxable","13":"purchasable","14":"product-type-variable","15":"has-default-attributes"},"aioseo_notices":[],"_links":{"self":[{"href":"https:\/\/imprimeideas.es\/en\/wp-json\/wp\/v2\/product\/53338","targetHints":{"allow":["GET"]}}],"collection":[{"href":"https:\/\/imprimeideas.es\/en\/wp-json\/wp\/v2\/product"}],"about":[{"href":"https:\/\/imprimeideas.es\/en\/wp-json\/wp\/v2\/types\/product"}],"replies":[{"embeddable":true,"href":"https:\/\/imprimeideas.es\/en\/wp-json\/wp\/v2\/comments?post=53338"}],"version-history":[{"count":1,"href":"https:\/\/imprimeideas.es\/en\/wp-json\/wp\/v2\/product\/53338\/revisions"}],"predecessor-version":[{"id":58697,"href":"https:\/\/imprimeideas.es\/en\/wp-json\/wp\/v2\/product\/53338\/revisions\/58697"}],"wp:featuredmedia":[{"embeddable":true,"href":"https:\/\/imprimeideas.es\/en\/wp-json\/wp\/v2\/media\/64700"}],"wp:attachment":[{"href":"https:\/\/imprimeideas.es\/en\/wp-json\/wp\/v2\/media?parent=53338"}],"wp:term":[{"taxonomy":"product_brand","embeddable":true,"href":"https:\/\/imprimeideas.es\/en\/wp-json\/wp\/v2\/product_brand?post=53338"},{"taxonomy":"product_cat","embeddable":true,"href":"https:\/\/imprimeideas.es\/en\/wp-json\/wp\/v2\/product_cat?post=53338"},{"taxonomy":"product_tag","embeddable":true,"href":"https:\/\/imprimeideas.es\/en\/wp-json\/wp\/v2\/product_tag?post=53338"}],"curies":[{"name":"wp","href":"https:\/\/api.w.org\/{rel}","templated":true}]}}