{"id":53324,"date":"2026-02-24T12:49:14","date_gmt":"2026-02-24T11:49:14","guid":{"rendered":"https:\/\/imprimeideas.es\/?post_type=product&p=53324"},"modified":"2026-02-26T18:42:27","modified_gmt":"2026-02-26T17:42:27","slug":"bolso-praxis","status":"publish","type":"product","link":"https:\/\/imprimeideas.es\/en\/product\/bolso-praxis\/","title":{"rendered":"Bolso Praxis"},"content":{"rendered":"<p>Bolso confeccionado en PU. Presenta tres compartimentos funcionales: un compartimento principal de gran capacidad con cierre de cremallera impermeable, un bolsillo lateral con cierre de cremallera y un bolsillo en la base con cierre de cremallera ideal para el calzado. Incluye asa larga ajustable, asas de mano. Interior con bolsillo, y un bolsillo peque\u00f1o en cada lateral, ideal para guardar objetos de peque\u00f1o tama\u00f1o.<\/p>","protected":false},"excerpt":{"rendered":"<p>Compartimento Portazapatos<\/p>","protected":false},"featured_media":86215,"comment_status":"open","ping_status":"open","template":"","meta":{"inline_featured_image":false},"product_brand":[],"product_cat":[2157,94],"product_tag":[],"class_list":{"0":"post-53324","1":"product","2":"type-product","3":"status-publish","4":"has-post-thumbnail","6":"product_cat-novedades","7":"product_cat-mochilas","9":"first","10":"outofstock","11":"taxable","12":"shipping-taxable","13":"purchasable","14":"product-type-variable","15":"has-default-attributes"},"aioseo_notices":[],"_links":{"self":[{"href":"https:\/\/imprimeideas.es\/en\/wp-json\/wp\/v2\/product\/53324","targetHints":{"allow":["GET"]}}],"collection":[{"href":"https:\/\/imprimeideas.es\/en\/wp-json\/wp\/v2\/product"}],"about":[{"href":"https:\/\/imprimeideas.es\/en\/wp-json\/wp\/v2\/types\/product"}],"replies":[{"embeddable":true,"href":"https:\/\/imprimeideas.es\/en\/wp-json\/wp\/v2\/comments?post=53324"}],"version-history":[{"count":1,"href":"https:\/\/imprimeideas.es\/en\/wp-json\/wp\/v2\/product\/53324\/revisions"}],"predecessor-version":[{"id":58682,"href":"https:\/\/imprimeideas.es\/en\/wp-json\/wp\/v2\/product\/53324\/revisions\/58682"}],"wp:featuredmedia":[{"embeddable":true,"href":"https:\/\/imprimeideas.es\/en\/wp-json\/wp\/v2\/media\/86215"}],"wp:attachment":[{"href":"https:\/\/imprimeideas.es\/en\/wp-json\/wp\/v2\/media?parent=53324"}],"wp:term":[{"taxonomy":"product_brand","embeddable":true,"href":"https:\/\/imprimeideas.es\/en\/wp-json\/wp\/v2\/product_brand?post=53324"},{"taxonomy":"product_cat","embeddable":true,"href":"https:\/\/imprimeideas.es\/en\/wp-json\/wp\/v2\/product_cat?post=53324"},{"taxonomy":"product_tag","embeddable":true,"href":"https:\/\/imprimeideas.es\/en\/wp-json\/wp\/v2\/product_tag?post=53324"}],"curies":[{"name":"wp","href":"https:\/\/api.w.org\/{rel}","templated":true}]}}