{"id":53302,"date":"2026-02-24T12:49:11","date_gmt":"2026-02-24T11:49:11","guid":{"rendered":"https:\/\/imprimeideas.es\/?post_type=product&p=53302"},"modified":"2026-02-26T18:13:40","modified_gmt":"2026-02-26T17:13:40","slug":"tarjetero-soporte-roch","status":"publish","type":"product","link":"https:\/\/imprimeideas.es\/en\/product\/tarjetero-soporte-roch\/","title":{"rendered":"Tarjetero Soporte Roch"},"content":{"rendered":"<p>Tarjetero soporte magn\u00e9tico fabricado en silicona. Ideal para visualizar tu smartphone en cualquier posici\u00f3n gracias al dise\u00f1o multiposici\u00f3n de sus asas plegables. Con compartimento para tarjeta.<\/p>","protected":false},"excerpt":{"rendered":"<p>Magn\u00e9tico. 1 Compartimento<\/p>","protected":false},"featured_media":71738,"comment_status":"open","ping_status":"open","template":"","meta":{"inline_featured_image":false},"product_brand":[],"product_cat":[2157,106,95],"product_tag":[],"class_list":{"0":"post-53302","1":"product","2":"type-product","3":"status-publish","4":"has-post-thumbnail","6":"product_cat-novedades","7":"product_cat-regalos-y-premiums","8":"product_cat-tecnologia-y-accesorios","10":"first","11":"outofstock","12":"taxable","13":"shipping-taxable","14":"purchasable","15":"product-type-variable","16":"has-default-attributes"},"aioseo_notices":[],"_links":{"self":[{"href":"https:\/\/imprimeideas.es\/en\/wp-json\/wp\/v2\/product\/53302","targetHints":{"allow":["GET"]}}],"collection":[{"href":"https:\/\/imprimeideas.es\/en\/wp-json\/wp\/v2\/product"}],"about":[{"href":"https:\/\/imprimeideas.es\/en\/wp-json\/wp\/v2\/types\/product"}],"replies":[{"embeddable":true,"href":"https:\/\/imprimeideas.es\/en\/wp-json\/wp\/v2\/comments?post=53302"}],"version-history":[{"count":1,"href":"https:\/\/imprimeideas.es\/en\/wp-json\/wp\/v2\/product\/53302\/revisions"}],"predecessor-version":[{"id":58679,"href":"https:\/\/imprimeideas.es\/en\/wp-json\/wp\/v2\/product\/53302\/revisions\/58679"}],"wp:featuredmedia":[{"embeddable":true,"href":"https:\/\/imprimeideas.es\/en\/wp-json\/wp\/v2\/media\/71738"}],"wp:attachment":[{"href":"https:\/\/imprimeideas.es\/en\/wp-json\/wp\/v2\/media?parent=53302"}],"wp:term":[{"taxonomy":"product_brand","embeddable":true,"href":"https:\/\/imprimeideas.es\/en\/wp-json\/wp\/v2\/product_brand?post=53302"},{"taxonomy":"product_cat","embeddable":true,"href":"https:\/\/imprimeideas.es\/en\/wp-json\/wp\/v2\/product_cat?post=53302"},{"taxonomy":"product_tag","embeddable":true,"href":"https:\/\/imprimeideas.es\/en\/wp-json\/wp\/v2\/product_tag?post=53302"}],"curies":[{"name":"wp","href":"https:\/\/api.w.org\/{rel}","templated":true}]}}